{"id":1092,"date":"2023-03-02T08:38:58","date_gmt":"2023-03-02T09:38:58","guid":{"rendered":"https:\/\/mteresasampaio.pt\/politica-de-calidad\/"},"modified":"2024-10-16T08:59:18","modified_gmt":"2024-10-16T09:59:18","slug":"quality-policy","status":"publish","type":"page","link":"https:\/\/mteresasampaio.pt\/en\/quality-policy\/","title":{"rendered":"Quality policy"},"content":{"rendered":"<p>Laboratorio M. Teresa Paiva Forjaz Sampaio intends not only to guarantee the efficacy and quality of its services, for the full satisfaction of its clients, committing itself to comply with the Standards stipulated for the Clinical Laboratory, the Good Laboratory Practices Manual and the Quality Manual, but also to guarantee the safety of its collaborators and other interested parties. To this end, the Laboratory is committed to:<\/p>\n<ul>\n<li>Comply with the applicable <strong>Requirements<\/strong> and continuously improve.<\/li>\n<li>Update the analytical <strong>Equipment<\/strong>.<\/li>\n<li>Guarantee the <strong>Satisfaction<\/strong> of the Interested Parties.<\/li>\n<li><strong>Confidentiality<\/strong> of personal data and analytical results.<\/li>\n<li>Execute activities with <strong>Rigor<\/strong>.<\/li>\n<li>Keep <strong>Employees<\/strong> motivated and competent.<\/li>\n<li>Maintain a policy of good relationship and partnership with <strong>Suppliers<\/strong>.<\/li>\n<li>To guarantee the <strong>Sustainability<\/strong> of the complementary diagnostic activity performed in the laboratory.<\/li>\n<li>To guarantee the <strong>Safety<\/strong> of collaborators, users and suppliers.<\/li>\n<li>Transmit <strong>Trust<\/strong> to its users from the service to the final result.<\/li>\n<li>Carry out the activity with <strong>Environmental Responsibility<\/strong>.<\/li>\n<\/ul>\n","protected":false},"excerpt":{"rendered":"<p>Laboratorio M. Teresa Paiva Forjaz Sampaio intends not only to guarantee the efficacy and quality of its services, for the full satisfaction of its clients, committing itself to comply with the Standards stipulated for the Clinical Laboratory, the Good Laboratory Practices Manual and the Quality Manual, but also to guarantee the safety of its collaborators [&hellip;]<\/p>\n","protected":false},"author":1,"featured_media":0,"parent":0,"menu_order":0,"comment_status":"closed","ping_status":"closed","template":"","meta":[],"acf":[],"yoast_head":"<!-- This site is optimized with the Yoast SEO plugin v19.6.1 - https:\/\/yoast.com\/wordpress\/plugins\/seo\/ -->\n<title>Quality policy - Laborat\u00f3rio de An\u00e1lises Cl\u00ednicas Teresa Sampaio<\/title>\n<meta name=\"robots\" content=\"index, follow, max-snippet:-1, max-image-preview:large, max-video-preview:-1\" \/>\n<link rel=\"canonical\" href=\"https:\/\/mteresasampaio.pt\/en\/quality-policy\/\" \/>\n<meta property=\"og:locale\" content=\"en_US\" \/>\n<meta property=\"og:type\" content=\"article\" \/>\n<meta property=\"og:title\" content=\"Quality policy - Laborat\u00f3rio de An\u00e1lises Cl\u00ednicas Teresa Sampaio\" \/>\n<meta property=\"og:description\" content=\"Laboratorio M. Teresa Paiva Forjaz Sampaio intends not only to guarantee the efficacy and quality of its services, for the full satisfaction of its clients, committing itself to comply with the Standards stipulated for the Clinical Laboratory, the Good Laboratory Practices Manual and the Quality Manual, but also to guarantee the safety of its collaborators [&hellip;]\" \/>\n<meta property=\"og:url\" content=\"https:\/\/mteresasampaio.pt\/en\/quality-policy\/\" \/>\n<meta property=\"og:site_name\" content=\"Laborat\u00f3rio de An\u00e1lises Cl\u00ednicas Teresa Sampaio\" \/>\n<meta property=\"article:publisher\" content=\"https:\/\/www.facebook.com\/lacteresasampaio\" \/>\n<meta property=\"article:modified_time\" content=\"2024-10-16T09:59:18+00:00\" \/>\n<meta name=\"twitter:card\" content=\"summary_large_image\" \/>\n<meta name=\"twitter:label1\" content=\"Est. reading time\" \/>\n\t<meta name=\"twitter:data1\" content=\"1 minute\" \/>\n<script type=\"application\/ld+json\" class=\"yoast-schema-graph\">{\"@context\":\"https:\/\/schema.org\",\"@graph\":[{\"@type\":\"WebPage\",\"@id\":\"https:\/\/mteresasampaio.pt\/en\/quality-policy\/\",\"url\":\"https:\/\/mteresasampaio.pt\/en\/quality-policy\/\",\"name\":\"Quality policy - Laborat\u00f3rio de An\u00e1lises Cl\u00ednicas Teresa Sampaio\",\"isPartOf\":{\"@id\":\"https:\/\/mteresasampaio.pt\/en\/#website\"},\"datePublished\":\"2023-03-02T09:38:58+00:00\",\"dateModified\":\"2024-10-16T09:59:18+00:00\",\"breadcrumb\":{\"@id\":\"https:\/\/mteresasampaio.pt\/en\/quality-policy\/#breadcrumb\"},\"inLanguage\":\"en-US\",\"potentialAction\":[{\"@type\":\"ReadAction\",\"target\":[\"https:\/\/mteresasampaio.pt\/en\/quality-policy\/\"]}]},{\"@type\":\"BreadcrumbList\",\"@id\":\"https:\/\/mteresasampaio.pt\/en\/quality-policy\/#breadcrumb\",\"itemListElement\":[{\"@type\":\"ListItem\",\"position\":1,\"name\":\"Home\",\"item\":\"https:\/\/mteresasampaio.pt\/en\/\"},{\"@type\":\"ListItem\",\"position\":2,\"name\":\"Quality policy\"}]},{\"@type\":\"WebSite\",\"@id\":\"https:\/\/mteresasampaio.pt\/en\/#website\",\"url\":\"https:\/\/mteresasampaio.pt\/en\/\",\"name\":\"Laborat\u00f3rio de An\u00e1lises Cl\u00ednicas Teresa Sampaio\",\"description\":\"\",\"publisher\":{\"@id\":\"https:\/\/mteresasampaio.pt\/en\/#organization\"},\"potentialAction\":[{\"@type\":\"SearchAction\",\"target\":{\"@type\":\"EntryPoint\",\"urlTemplate\":\"https:\/\/mteresasampaio.pt\/en\/?s={search_term_string}\"},\"query-input\":\"required name=search_term_string\"}],\"inLanguage\":\"en-US\"},{\"@type\":\"Organization\",\"@id\":\"https:\/\/mteresasampaio.pt\/en\/#organization\",\"name\":\"Laborat\u00f3rio de An\u00e1lises Cl\u00ednicas Teresa Sampaio\",\"url\":\"https:\/\/mteresasampaio.pt\/en\/\",\"sameAs\":[\"https:\/\/www.facebook.com\/lacteresasampaio\"],\"logo\":{\"@type\":\"ImageObject\",\"inLanguage\":\"en-US\",\"@id\":\"https:\/\/mteresasampaio.pt\/en\/#\/schema\/logo\/image\/\",\"url\":\"https:\/\/mteresasampaio.pt\/wp-content\/uploads\/2022\/08\/logo.png\",\"contentUrl\":\"https:\/\/mteresasampaio.pt\/wp-content\/uploads\/2022\/08\/logo.png\",\"width\":999,\"height\":224,\"caption\":\"Laborat\u00f3rio de An\u00e1lises Cl\u00ednicas Teresa Sampaio\"},\"image\":{\"@id\":\"https:\/\/mteresasampaio.pt\/en\/#\/schema\/logo\/image\/\"}}]}<\/script>\n<!-- \/ Yoast SEO plugin. -->","yoast_head_json":{"title":"Quality policy - Laborat\u00f3rio de An\u00e1lises Cl\u00ednicas Teresa Sampaio","robots":{"index":"index","follow":"follow","max-snippet":"max-snippet:-1","max-image-preview":"max-image-preview:large","max-video-preview":"max-video-preview:-1"},"canonical":"https:\/\/mteresasampaio.pt\/en\/quality-policy\/","og_locale":"en_US","og_type":"article","og_title":"Quality policy - Laborat\u00f3rio de An\u00e1lises Cl\u00ednicas Teresa Sampaio","og_description":"Laboratorio M. Teresa Paiva Forjaz Sampaio intends not only to guarantee the efficacy and quality of its services, for the full satisfaction of its clients, committing itself to comply with the Standards stipulated for the Clinical Laboratory, the Good Laboratory Practices Manual and the Quality Manual, but also to guarantee the safety of its collaborators [&hellip;]","og_url":"https:\/\/mteresasampaio.pt\/en\/quality-policy\/","og_site_name":"Laborat\u00f3rio de An\u00e1lises Cl\u00ednicas Teresa Sampaio","article_publisher":"https:\/\/www.facebook.com\/lacteresasampaio","article_modified_time":"2024-10-16T09:59:18+00:00","twitter_card":"summary_large_image","twitter_misc":{"Est. reading time":"1 minute"},"schema":{"@context":"https:\/\/schema.org","@graph":[{"@type":"WebPage","@id":"https:\/\/mteresasampaio.pt\/en\/quality-policy\/","url":"https:\/\/mteresasampaio.pt\/en\/quality-policy\/","name":"Quality policy - Laborat\u00f3rio de An\u00e1lises Cl\u00ednicas Teresa Sampaio","isPartOf":{"@id":"https:\/\/mteresasampaio.pt\/en\/#website"},"datePublished":"2023-03-02T09:38:58+00:00","dateModified":"2024-10-16T09:59:18+00:00","breadcrumb":{"@id":"https:\/\/mteresasampaio.pt\/en\/quality-policy\/#breadcrumb"},"inLanguage":"en-US","potentialAction":[{"@type":"ReadAction","target":["https:\/\/mteresasampaio.pt\/en\/quality-policy\/"]}]},{"@type":"BreadcrumbList","@id":"https:\/\/mteresasampaio.pt\/en\/quality-policy\/#breadcrumb","itemListElement":[{"@type":"ListItem","position":1,"name":"Home","item":"https:\/\/mteresasampaio.pt\/en\/"},{"@type":"ListItem","position":2,"name":"Quality policy"}]},{"@type":"WebSite","@id":"https:\/\/mteresasampaio.pt\/en\/#website","url":"https:\/\/mteresasampaio.pt\/en\/","name":"Laborat\u00f3rio de An\u00e1lises Cl\u00ednicas Teresa Sampaio","description":"","publisher":{"@id":"https:\/\/mteresasampaio.pt\/en\/#organization"},"potentialAction":[{"@type":"SearchAction","target":{"@type":"EntryPoint","urlTemplate":"https:\/\/mteresasampaio.pt\/en\/?s={search_term_string}"},"query-input":"required name=search_term_string"}],"inLanguage":"en-US"},{"@type":"Organization","@id":"https:\/\/mteresasampaio.pt\/en\/#organization","name":"Laborat\u00f3rio de An\u00e1lises Cl\u00ednicas Teresa Sampaio","url":"https:\/\/mteresasampaio.pt\/en\/","sameAs":["https:\/\/www.facebook.com\/lacteresasampaio"],"logo":{"@type":"ImageObject","inLanguage":"en-US","@id":"https:\/\/mteresasampaio.pt\/en\/#\/schema\/logo\/image\/","url":"https:\/\/mteresasampaio.pt\/wp-content\/uploads\/2022\/08\/logo.png","contentUrl":"https:\/\/mteresasampaio.pt\/wp-content\/uploads\/2022\/08\/logo.png","width":999,"height":224,"caption":"Laborat\u00f3rio de An\u00e1lises Cl\u00ednicas Teresa Sampaio"},"image":{"@id":"https:\/\/mteresasampaio.pt\/en\/#\/schema\/logo\/image\/"}}]}},"_links":{"self":[{"href":"https:\/\/mteresasampaio.pt\/en\/wp-json\/wp\/v2\/pages\/1092"}],"collection":[{"href":"https:\/\/mteresasampaio.pt\/en\/wp-json\/wp\/v2\/pages"}],"about":[{"href":"https:\/\/mteresasampaio.pt\/en\/wp-json\/wp\/v2\/types\/page"}],"author":[{"embeddable":true,"href":"https:\/\/mteresasampaio.pt\/en\/wp-json\/wp\/v2\/users\/1"}],"replies":[{"embeddable":true,"href":"https:\/\/mteresasampaio.pt\/en\/wp-json\/wp\/v2\/comments?post=1092"}],"version-history":[{"count":5,"href":"https:\/\/mteresasampaio.pt\/en\/wp-json\/wp\/v2\/pages\/1092\/revisions"}],"predecessor-version":[{"id":3004,"href":"https:\/\/mteresasampaio.pt\/en\/wp-json\/wp\/v2\/pages\/1092\/revisions\/3004"}],"wp:attachment":[{"href":"https:\/\/mteresasampaio.pt\/en\/wp-json\/wp\/v2\/media?parent=1092"}],"curies":[{"name":"wp","href":"https:\/\/api.w.org\/{rel}","templated":true}]}}