{"id":443,"date":"2022-09-13T10:14:14","date_gmt":"2022-09-13T11:14:14","guid":{"rendered":"https:\/\/mteresasampaio.pt\/marcacao-online\/"},"modified":"2023-02-28T12:43:35","modified_gmt":"2023-02-28T13:43:35","slug":"online-booking","status":"publish","type":"page","link":"https:\/\/mteresasampaio.pt\/en\/online-booking\/","title":{"rendered":"Online Booking"},"content":{"rendered":"","protected":false},"excerpt":{"rendered":"","protected":false},"author":1,"featured_media":0,"parent":0,"menu_order":0,"comment_status":"closed","ping_status":"closed","template":"template-page-marcacao-online.php","meta":[],"acf":[],"yoast_head":"<!-- This site is optimized with the Yoast SEO plugin v19.6.1 - https:\/\/yoast.com\/wordpress\/plugins\/seo\/ -->\n<title>Blood Analysis Saves Lives! - Online Appointment Teresa Sampaio<\/title>\n<meta name=\"description\" content=\"Take care of yourself and make sure you do blood analysis once a year! With Teresa Sampaio Clinical Analysis, we take care of you!\" \/>\n<meta name=\"robots\" content=\"index, follow, max-snippet:-1, max-image-preview:large, max-video-preview:-1\" \/>\n<link rel=\"canonical\" href=\"https:\/\/mteresasampaio.pt\/en\/online-booking\/\" \/>\n<meta property=\"og:locale\" content=\"en_US\" \/>\n<meta property=\"og:type\" content=\"article\" \/>\n<meta property=\"og:title\" content=\"Blood Analysis Saves Lives! - Online Appointment Teresa Sampaio\" \/>\n<meta property=\"og:description\" content=\"Take care of yourself and make sure you do blood analysis once a year! With Teresa Sampaio Clinical Analysis, we take care of you!\" \/>\n<meta property=\"og:url\" content=\"https:\/\/mteresasampaio.pt\/en\/online-booking\/\" \/>\n<meta property=\"og:site_name\" content=\"Laborat\u00f3rio de An\u00e1lises Cl\u00ednicas Teresa Sampaio\" \/>\n<meta property=\"article:publisher\" content=\"https:\/\/www.facebook.com\/lacteresasampaio\" \/>\n<meta property=\"article:modified_time\" content=\"2023-02-28T13:43:35+00:00\" \/>\n<meta name=\"twitter:card\" content=\"summary_large_image\" \/>\n<script type=\"application\/ld+json\" class=\"yoast-schema-graph\">{\"@context\":\"https:\/\/schema.org\",\"@graph\":[{\"@type\":\"WebPage\",\"@id\":\"https:\/\/mteresasampaio.pt\/en\/online-booking\/\",\"url\":\"https:\/\/mteresasampaio.pt\/en\/online-booking\/\",\"name\":\"Blood Analysis Saves Lives! - Online Appointment Teresa Sampaio\",\"isPartOf\":{\"@id\":\"https:\/\/mteresasampaio.pt\/en\/#website\"},\"datePublished\":\"2022-09-13T11:14:14+00:00\",\"dateModified\":\"2023-02-28T13:43:35+00:00\",\"description\":\"Take care of yourself and make sure you do blood analysis once a year! With Teresa Sampaio Clinical Analysis, we take care of you!\",\"breadcrumb\":{\"@id\":\"https:\/\/mteresasampaio.pt\/en\/online-booking\/#breadcrumb\"},\"inLanguage\":\"en-US\",\"potentialAction\":[{\"@type\":\"ReadAction\",\"target\":[\"https:\/\/mteresasampaio.pt\/en\/online-booking\/\"]}]},{\"@type\":\"BreadcrumbList\",\"@id\":\"https:\/\/mteresasampaio.pt\/en\/online-booking\/#breadcrumb\",\"itemListElement\":[{\"@type\":\"ListItem\",\"position\":1,\"name\":\"Home\",\"item\":\"https:\/\/mteresasampaio.pt\/en\/\"},{\"@type\":\"ListItem\",\"position\":2,\"name\":\"Online Booking\"}]},{\"@type\":\"WebSite\",\"@id\":\"https:\/\/mteresasampaio.pt\/en\/#website\",\"url\":\"https:\/\/mteresasampaio.pt\/en\/\",\"name\":\"Laborat\u00f3rio de An\u00e1lises Cl\u00ednicas Teresa Sampaio\",\"description\":\"\",\"publisher\":{\"@id\":\"https:\/\/mteresasampaio.pt\/en\/#organization\"},\"potentialAction\":[{\"@type\":\"SearchAction\",\"target\":{\"@type\":\"EntryPoint\",\"urlTemplate\":\"https:\/\/mteresasampaio.pt\/en\/?s={search_term_string}\"},\"query-input\":\"required name=search_term_string\"}],\"inLanguage\":\"en-US\"},{\"@type\":\"Organization\",\"@id\":\"https:\/\/mteresasampaio.pt\/en\/#organization\",\"name\":\"Laborat\u00f3rio de An\u00e1lises Cl\u00ednicas Teresa Sampaio\",\"url\":\"https:\/\/mteresasampaio.pt\/en\/\",\"sameAs\":[\"https:\/\/www.facebook.com\/lacteresasampaio\"],\"logo\":{\"@type\":\"ImageObject\",\"inLanguage\":\"en-US\",\"@id\":\"https:\/\/mteresasampaio.pt\/en\/#\/schema\/logo\/image\/\",\"url\":\"https:\/\/mteresasampaio.pt\/wp-content\/uploads\/2022\/08\/logo.png\",\"contentUrl\":\"https:\/\/mteresasampaio.pt\/wp-content\/uploads\/2022\/08\/logo.png\",\"width\":999,\"height\":224,\"caption\":\"Laborat\u00f3rio de An\u00e1lises Cl\u00ednicas Teresa Sampaio\"},\"image\":{\"@id\":\"https:\/\/mteresasampaio.pt\/en\/#\/schema\/logo\/image\/\"}}]}<\/script>\n<!-- \/ Yoast SEO plugin. -->","yoast_head_json":{"title":"Blood Analysis Saves Lives! - Online Appointment Teresa Sampaio","description":"Take care of yourself and make sure you do blood analysis once a year! With Teresa Sampaio Clinical Analysis, we take care of you!","robots":{"index":"index","follow":"follow","max-snippet":"max-snippet:-1","max-image-preview":"max-image-preview:large","max-video-preview":"max-video-preview:-1"},"canonical":"https:\/\/mteresasampaio.pt\/en\/online-booking\/","og_locale":"en_US","og_type":"article","og_title":"Blood Analysis Saves Lives! - Online Appointment Teresa Sampaio","og_description":"Take care of yourself and make sure you do blood analysis once a year! With Teresa Sampaio Clinical Analysis, we take care of you!","og_url":"https:\/\/mteresasampaio.pt\/en\/online-booking\/","og_site_name":"Laborat\u00f3rio de An\u00e1lises Cl\u00ednicas Teresa Sampaio","article_publisher":"https:\/\/www.facebook.com\/lacteresasampaio","article_modified_time":"2023-02-28T13:43:35+00:00","twitter_card":"summary_large_image","schema":{"@context":"https:\/\/schema.org","@graph":[{"@type":"WebPage","@id":"https:\/\/mteresasampaio.pt\/en\/online-booking\/","url":"https:\/\/mteresasampaio.pt\/en\/online-booking\/","name":"Blood Analysis Saves Lives! - Online Appointment Teresa Sampaio","isPartOf":{"@id":"https:\/\/mteresasampaio.pt\/en\/#website"},"datePublished":"2022-09-13T11:14:14+00:00","dateModified":"2023-02-28T13:43:35+00:00","description":"Take care of yourself and make sure you do blood analysis once a year! With Teresa Sampaio Clinical Analysis, we take care of you!","breadcrumb":{"@id":"https:\/\/mteresasampaio.pt\/en\/online-booking\/#breadcrumb"},"inLanguage":"en-US","potentialAction":[{"@type":"ReadAction","target":["https:\/\/mteresasampaio.pt\/en\/online-booking\/"]}]},{"@type":"BreadcrumbList","@id":"https:\/\/mteresasampaio.pt\/en\/online-booking\/#breadcrumb","itemListElement":[{"@type":"ListItem","position":1,"name":"Home","item":"https:\/\/mteresasampaio.pt\/en\/"},{"@type":"ListItem","position":2,"name":"Online Booking"}]},{"@type":"WebSite","@id":"https:\/\/mteresasampaio.pt\/en\/#website","url":"https:\/\/mteresasampaio.pt\/en\/","name":"Laborat\u00f3rio de An\u00e1lises Cl\u00ednicas Teresa Sampaio","description":"","publisher":{"@id":"https:\/\/mteresasampaio.pt\/en\/#organization"},"potentialAction":[{"@type":"SearchAction","target":{"@type":"EntryPoint","urlTemplate":"https:\/\/mteresasampaio.pt\/en\/?s={search_term_string}"},"query-input":"required name=search_term_string"}],"inLanguage":"en-US"},{"@type":"Organization","@id":"https:\/\/mteresasampaio.pt\/en\/#organization","name":"Laborat\u00f3rio de An\u00e1lises Cl\u00ednicas Teresa Sampaio","url":"https:\/\/mteresasampaio.pt\/en\/","sameAs":["https:\/\/www.facebook.com\/lacteresasampaio"],"logo":{"@type":"ImageObject","inLanguage":"en-US","@id":"https:\/\/mteresasampaio.pt\/en\/#\/schema\/logo\/image\/","url":"https:\/\/mteresasampaio.pt\/wp-content\/uploads\/2022\/08\/logo.png","contentUrl":"https:\/\/mteresasampaio.pt\/wp-content\/uploads\/2022\/08\/logo.png","width":999,"height":224,"caption":"Laborat\u00f3rio de An\u00e1lises Cl\u00ednicas Teresa Sampaio"},"image":{"@id":"https:\/\/mteresasampaio.pt\/en\/#\/schema\/logo\/image\/"}}]}},"_links":{"self":[{"href":"https:\/\/mteresasampaio.pt\/en\/wp-json\/wp\/v2\/pages\/443"}],"collection":[{"href":"https:\/\/mteresasampaio.pt\/en\/wp-json\/wp\/v2\/pages"}],"about":[{"href":"https:\/\/mteresasampaio.pt\/en\/wp-json\/wp\/v2\/types\/page"}],"author":[{"embeddable":true,"href":"https:\/\/mteresasampaio.pt\/en\/wp-json\/wp\/v2\/users\/1"}],"replies":[{"embeddable":true,"href":"https:\/\/mteresasampaio.pt\/en\/wp-json\/wp\/v2\/comments?post=443"}],"version-history":[{"count":5,"href":"https:\/\/mteresasampaio.pt\/en\/wp-json\/wp\/v2\/pages\/443\/revisions"}],"predecessor-version":[{"id":1037,"href":"https:\/\/mteresasampaio.pt\/en\/wp-json\/wp\/v2\/pages\/443\/revisions\/1037"}],"wp:attachment":[{"href":"https:\/\/mteresasampaio.pt\/en\/wp-json\/wp\/v2\/media?parent=443"}],"curies":[{"name":"wp","href":"https:\/\/api.w.org\/{rel}","templated":true}]}}