{"id":1085,"date":"2023-03-02T08:38:58","date_gmt":"2023-03-02T09:38:58","guid":{"rendered":"https:\/\/mteresasampaio.pt\/politica-de-qualidade\/"},"modified":"2024-10-16T09:03:03","modified_gmt":"2024-10-16T10:03:03","slug":"politica-de-calidad","status":"publish","type":"page","link":"https:\/\/mteresasampaio.pt\/es\/politica-de-calidad\/","title":{"rendered":"Pol\u00edtica de calidad"},"content":{"rendered":"<p>El Laboratorio M. Teresa Paiva Forjaz Sampaio pretende no s\u00f3lo garantizar la eficiencia y calidad de sus servicios a plena satisfacci\u00f3n de sus clientes, comprometi\u00e9ndose a cumplir las Normas estipuladas para Laboratorios Cl\u00ednicos, el Manual de Buenas Pr\u00e1cticas de Laboratorio y el Manual de Calidad, sino tambi\u00e9n garantizar la seguridad de sus colaboradores y dem\u00e1s partes interesadas. Para ello, el Laboratorio se compromete a:<\/p>\n<ul>\n<li>Cumplir los <strong>Requisitos<\/strong> aplicables y mejorar continuamente.<\/li>\n<li>Actualizar el <strong>Equipamiento<\/strong> anal\u00edtico.<\/li>\n<li>Garantizar la <strong>Satisfacci\u00f3n<\/strong> de las Partes Interesadas.<\/li>\n<li>Mantener la <strong>Confidencialidad<\/strong> de los datos personales y de los resultados anal\u00edticos.<\/li>\n<li>Realizar las actividades con <strong>Rigor<\/strong>.<\/li>\n<li>Mantener a los <strong>Empleados<\/strong> motivados y competentes.<\/li>\n<li>Mantener una pol\u00edtica de buena relaci\u00f3n y colaboraci\u00f3n con los <strong>Proveedores<\/strong>.<\/li>\n<li>Garantizar la <strong>Sostenibilidad<\/strong> de la actividad complementaria de diagn\u00f3stico realizada en el laboratorio.<\/li>\n<li>Garantizar la <strong>Seguridad<\/strong> de los empleados, usuarios y proveedores.<\/li>\n<li>Transmitir <strong>Confianza<\/strong> a sus usuarios, desde el servicio hasta el resultado final.<\/li>\n<li>Realizar la actividad con <strong>Responsabilidad Medioambiental<\/strong>.<\/li>\n<\/ul>\n","protected":false},"excerpt":{"rendered":"<p>El Laboratorio M. Teresa Paiva Forjaz Sampaio pretende no s\u00f3lo garantizar la eficiencia y calidad de sus servicios a plena satisfacci\u00f3n de sus clientes, comprometi\u00e9ndose a cumplir las Normas estipuladas para Laboratorios Cl\u00ednicos, el Manual de Buenas Pr\u00e1cticas de Laboratorio y el Manual de Calidad, sino tambi\u00e9n garantizar la seguridad de sus colaboradores y dem\u00e1s [&hellip;]<\/p>\n","protected":false},"author":1,"featured_media":0,"parent":0,"menu_order":0,"comment_status":"closed","ping_status":"closed","template":"","meta":[],"acf":[],"yoast_head":"<!-- This site is optimized with the Yoast SEO plugin v19.6.1 - https:\/\/yoast.com\/wordpress\/plugins\/seo\/ -->\n<title>Pol\u00edtica de calidad - Laborat\u00f3rio de An\u00e1lises Cl\u00ednicas Teresa Sampaio<\/title>\n<meta name=\"robots\" content=\"index, follow, max-snippet:-1, max-image-preview:large, max-video-preview:-1\" \/>\n<link rel=\"canonical\" href=\"https:\/\/mteresasampaio.pt\/es\/politica-de-calidad\/\" \/>\n<meta property=\"og:locale\" content=\"es_ES\" \/>\n<meta property=\"og:type\" content=\"article\" \/>\n<meta property=\"og:title\" content=\"Pol\u00edtica de calidad - Laborat\u00f3rio de An\u00e1lises Cl\u00ednicas Teresa Sampaio\" \/>\n<meta property=\"og:description\" content=\"El Laboratorio M. Teresa Paiva Forjaz Sampaio pretende no s\u00f3lo garantizar la eficiencia y calidad de sus servicios a plena satisfacci\u00f3n de sus clientes, comprometi\u00e9ndose a cumplir las Normas estipuladas para Laboratorios Cl\u00ednicos, el Manual de Buenas Pr\u00e1cticas de Laboratorio y el Manual de Calidad, sino tambi\u00e9n garantizar la seguridad de sus colaboradores y dem\u00e1s [&hellip;]\" \/>\n<meta property=\"og:url\" content=\"https:\/\/mteresasampaio.pt\/es\/politica-de-calidad\/\" \/>\n<meta property=\"og:site_name\" content=\"Laborat\u00f3rio de An\u00e1lises Cl\u00ednicas Teresa Sampaio\" \/>\n<meta property=\"article:publisher\" content=\"https:\/\/www.facebook.com\/lacteresasampaio\" \/>\n<meta property=\"article:modified_time\" content=\"2024-10-16T10:03:03+00:00\" \/>\n<meta name=\"twitter:card\" content=\"summary_large_image\" \/>\n<meta name=\"twitter:label1\" content=\"Est. reading time\" \/>\n\t<meta name=\"twitter:data1\" content=\"1 minuto\" \/>\n<script type=\"application\/ld+json\" class=\"yoast-schema-graph\">{\"@context\":\"https:\/\/schema.org\",\"@graph\":[{\"@type\":\"WebPage\",\"@id\":\"https:\/\/mteresasampaio.pt\/es\/politica-de-calidad\/\",\"url\":\"https:\/\/mteresasampaio.pt\/es\/politica-de-calidad\/\",\"name\":\"Pol\u00edtica de calidad - Laborat\u00f3rio de An\u00e1lises Cl\u00ednicas Teresa Sampaio\",\"isPartOf\":{\"@id\":\"https:\/\/mteresasampaio.pt\/es\/#website\"},\"datePublished\":\"2023-03-02T09:38:58+00:00\",\"dateModified\":\"2024-10-16T10:03:03+00:00\",\"breadcrumb\":{\"@id\":\"https:\/\/mteresasampaio.pt\/es\/politica-de-calidad\/#breadcrumb\"},\"inLanguage\":\"es\",\"potentialAction\":[{\"@type\":\"ReadAction\",\"target\":[\"https:\/\/mteresasampaio.pt\/es\/politica-de-calidad\/\"]}]},{\"@type\":\"BreadcrumbList\",\"@id\":\"https:\/\/mteresasampaio.pt\/es\/politica-de-calidad\/#breadcrumb\",\"itemListElement\":[{\"@type\":\"ListItem\",\"position\":1,\"name\":\"Home\",\"item\":\"https:\/\/mteresasampaio.pt\/es\/\"},{\"@type\":\"ListItem\",\"position\":2,\"name\":\"Pol\u00edtica de calidad\"}]},{\"@type\":\"WebSite\",\"@id\":\"https:\/\/mteresasampaio.pt\/es\/#website\",\"url\":\"https:\/\/mteresasampaio.pt\/es\/\",\"name\":\"Laborat\u00f3rio de An\u00e1lises Cl\u00ednicas Teresa Sampaio\",\"description\":\"\",\"publisher\":{\"@id\":\"https:\/\/mteresasampaio.pt\/es\/#organization\"},\"potentialAction\":[{\"@type\":\"SearchAction\",\"target\":{\"@type\":\"EntryPoint\",\"urlTemplate\":\"https:\/\/mteresasampaio.pt\/es\/?s={search_term_string}\"},\"query-input\":\"required name=search_term_string\"}],\"inLanguage\":\"es\"},{\"@type\":\"Organization\",\"@id\":\"https:\/\/mteresasampaio.pt\/es\/#organization\",\"name\":\"Laborat\u00f3rio de An\u00e1lises Cl\u00ednicas Teresa Sampaio\",\"url\":\"https:\/\/mteresasampaio.pt\/es\/\",\"sameAs\":[\"https:\/\/www.facebook.com\/lacteresasampaio\"],\"logo\":{\"@type\":\"ImageObject\",\"inLanguage\":\"es\",\"@id\":\"https:\/\/mteresasampaio.pt\/es\/#\/schema\/logo\/image\/\",\"url\":\"https:\/\/mteresasampaio.pt\/wp-content\/uploads\/2022\/08\/logo.png\",\"contentUrl\":\"https:\/\/mteresasampaio.pt\/wp-content\/uploads\/2022\/08\/logo.png\",\"width\":999,\"height\":224,\"caption\":\"Laborat\u00f3rio de An\u00e1lises Cl\u00ednicas Teresa Sampaio\"},\"image\":{\"@id\":\"https:\/\/mteresasampaio.pt\/es\/#\/schema\/logo\/image\/\"}}]}<\/script>\n<!-- \/ Yoast SEO plugin. -->","yoast_head_json":{"title":"Pol\u00edtica de calidad - Laborat\u00f3rio de An\u00e1lises Cl\u00ednicas Teresa Sampaio","robots":{"index":"index","follow":"follow","max-snippet":"max-snippet:-1","max-image-preview":"max-image-preview:large","max-video-preview":"max-video-preview:-1"},"canonical":"https:\/\/mteresasampaio.pt\/es\/politica-de-calidad\/","og_locale":"es_ES","og_type":"article","og_title":"Pol\u00edtica de calidad - Laborat\u00f3rio de An\u00e1lises Cl\u00ednicas Teresa Sampaio","og_description":"El Laboratorio M. Teresa Paiva Forjaz Sampaio pretende no s\u00f3lo garantizar la eficiencia y calidad de sus servicios a plena satisfacci\u00f3n de sus clientes, comprometi\u00e9ndose a cumplir las Normas estipuladas para Laboratorios Cl\u00ednicos, el Manual de Buenas Pr\u00e1cticas de Laboratorio y el Manual de Calidad, sino tambi\u00e9n garantizar la seguridad de sus colaboradores y dem\u00e1s [&hellip;]","og_url":"https:\/\/mteresasampaio.pt\/es\/politica-de-calidad\/","og_site_name":"Laborat\u00f3rio de An\u00e1lises Cl\u00ednicas Teresa Sampaio","article_publisher":"https:\/\/www.facebook.com\/lacteresasampaio","article_modified_time":"2024-10-16T10:03:03+00:00","twitter_card":"summary_large_image","twitter_misc":{"Est. reading time":"1 minuto"},"schema":{"@context":"https:\/\/schema.org","@graph":[{"@type":"WebPage","@id":"https:\/\/mteresasampaio.pt\/es\/politica-de-calidad\/","url":"https:\/\/mteresasampaio.pt\/es\/politica-de-calidad\/","name":"Pol\u00edtica de calidad - Laborat\u00f3rio de An\u00e1lises Cl\u00ednicas Teresa Sampaio","isPartOf":{"@id":"https:\/\/mteresasampaio.pt\/es\/#website"},"datePublished":"2023-03-02T09:38:58+00:00","dateModified":"2024-10-16T10:03:03+00:00","breadcrumb":{"@id":"https:\/\/mteresasampaio.pt\/es\/politica-de-calidad\/#breadcrumb"},"inLanguage":"es","potentialAction":[{"@type":"ReadAction","target":["https:\/\/mteresasampaio.pt\/es\/politica-de-calidad\/"]}]},{"@type":"BreadcrumbList","@id":"https:\/\/mteresasampaio.pt\/es\/politica-de-calidad\/#breadcrumb","itemListElement":[{"@type":"ListItem","position":1,"name":"Home","item":"https:\/\/mteresasampaio.pt\/es\/"},{"@type":"ListItem","position":2,"name":"Pol\u00edtica de calidad"}]},{"@type":"WebSite","@id":"https:\/\/mteresasampaio.pt\/es\/#website","url":"https:\/\/mteresasampaio.pt\/es\/","name":"Laborat\u00f3rio de An\u00e1lises Cl\u00ednicas Teresa Sampaio","description":"","publisher":{"@id":"https:\/\/mteresasampaio.pt\/es\/#organization"},"potentialAction":[{"@type":"SearchAction","target":{"@type":"EntryPoint","urlTemplate":"https:\/\/mteresasampaio.pt\/es\/?s={search_term_string}"},"query-input":"required name=search_term_string"}],"inLanguage":"es"},{"@type":"Organization","@id":"https:\/\/mteresasampaio.pt\/es\/#organization","name":"Laborat\u00f3rio de An\u00e1lises Cl\u00ednicas Teresa Sampaio","url":"https:\/\/mteresasampaio.pt\/es\/","sameAs":["https:\/\/www.facebook.com\/lacteresasampaio"],"logo":{"@type":"ImageObject","inLanguage":"es","@id":"https:\/\/mteresasampaio.pt\/es\/#\/schema\/logo\/image\/","url":"https:\/\/mteresasampaio.pt\/wp-content\/uploads\/2022\/08\/logo.png","contentUrl":"https:\/\/mteresasampaio.pt\/wp-content\/uploads\/2022\/08\/logo.png","width":999,"height":224,"caption":"Laborat\u00f3rio de An\u00e1lises Cl\u00ednicas Teresa Sampaio"},"image":{"@id":"https:\/\/mteresasampaio.pt\/es\/#\/schema\/logo\/image\/"}}]}},"_links":{"self":[{"href":"https:\/\/mteresasampaio.pt\/es\/wp-json\/wp\/v2\/pages\/1085"}],"collection":[{"href":"https:\/\/mteresasampaio.pt\/es\/wp-json\/wp\/v2\/pages"}],"about":[{"href":"https:\/\/mteresasampaio.pt\/es\/wp-json\/wp\/v2\/types\/page"}],"author":[{"embeddable":true,"href":"https:\/\/mteresasampaio.pt\/es\/wp-json\/wp\/v2\/users\/1"}],"replies":[{"embeddable":true,"href":"https:\/\/mteresasampaio.pt\/es\/wp-json\/wp\/v2\/comments?post=1085"}],"version-history":[{"count":5,"href":"https:\/\/mteresasampaio.pt\/es\/wp-json\/wp\/v2\/pages\/1085\/revisions"}],"predecessor-version":[{"id":3009,"href":"https:\/\/mteresasampaio.pt\/es\/wp-json\/wp\/v2\/pages\/1085\/revisions\/3009"}],"wp:attachment":[{"href":"https:\/\/mteresasampaio.pt\/es\/wp-json\/wp\/v2\/media?parent=1085"}],"curies":[{"name":"wp","href":"https:\/\/api.w.org\/{rel}","templated":true}]}}