{"id":445,"date":"2022-09-13T10:14:14","date_gmt":"2022-09-13T11:14:14","guid":{"rendered":"https:\/\/mteresasampaio.pt\/marcacao-online\/"},"modified":"2023-02-28T12:47:50","modified_gmt":"2023-02-28T13:47:50","slug":"reserva-en-linea-analisis-de-sangre","status":"publish","type":"page","link":"https:\/\/mteresasampaio.pt\/es\/reserva-en-linea-analisis-de-sangre\/","title":{"rendered":"Reserva en l\u00ednea"},"content":{"rendered":"","protected":false},"excerpt":{"rendered":"","protected":false},"author":1,"featured_media":0,"parent":0,"menu_order":0,"comment_status":"closed","ping_status":"closed","template":"template-page-marcacao-online.php","meta":[],"acf":[],"yoast_head":"<!-- This site is optimized with the Yoast SEO plugin v19.6.1 - https:\/\/yoast.com\/wordpress\/plugins\/seo\/ -->\n<title>An\u00e1lisis de Sangre Salvan Vidas! - Cita en L\u00ednea Teresa Sampaio<\/title>\n<meta name=\"description\" content=\"\u00a1Cu\u00eddate y aseg\u00farate de hacer an\u00e1lisis de sangre una vez al a\u00f1o! Con el Laboratorio de An\u00e1lisis Cl\u00ednico Teresa Sampaio, nos encargamos de ti!\" \/>\n<meta name=\"robots\" content=\"index, follow, max-snippet:-1, max-image-preview:large, max-video-preview:-1\" \/>\n<link rel=\"canonical\" href=\"https:\/\/mteresasampaio.pt\/es\/reserva-en-linea-analisis-de-sangre\/\" \/>\n<meta property=\"og:locale\" content=\"es_ES\" \/>\n<meta property=\"og:type\" content=\"article\" \/>\n<meta property=\"og:title\" content=\"An\u00e1lisis de Sangre Salvan Vidas! - Cita en L\u00ednea Teresa Sampaio\" \/>\n<meta property=\"og:description\" content=\"\u00a1Cu\u00eddate y aseg\u00farate de hacer an\u00e1lisis de sangre una vez al a\u00f1o! Con el Laboratorio de An\u00e1lisis Cl\u00ednico Teresa Sampaio, nos encargamos de ti!\" \/>\n<meta property=\"og:url\" content=\"https:\/\/mteresasampaio.pt\/es\/reserva-en-linea-analisis-de-sangre\/\" \/>\n<meta property=\"og:site_name\" content=\"Laborat\u00f3rio de An\u00e1lises Cl\u00ednicas Teresa Sampaio\" \/>\n<meta property=\"article:publisher\" content=\"https:\/\/www.facebook.com\/lacteresasampaio\" \/>\n<meta property=\"article:modified_time\" content=\"2023-02-28T13:47:50+00:00\" \/>\n<meta name=\"twitter:card\" content=\"summary_large_image\" \/>\n<script type=\"application\/ld+json\" class=\"yoast-schema-graph\">{\"@context\":\"https:\/\/schema.org\",\"@graph\":[{\"@type\":\"WebPage\",\"@id\":\"https:\/\/mteresasampaio.pt\/es\/reserva-en-linea-analisis-de-sangre\/\",\"url\":\"https:\/\/mteresasampaio.pt\/es\/reserva-en-linea-analisis-de-sangre\/\",\"name\":\"An\u00e1lisis de Sangre Salvan Vidas! - Cita en L\u00ednea Teresa Sampaio\",\"isPartOf\":{\"@id\":\"https:\/\/mteresasampaio.pt\/es\/#website\"},\"datePublished\":\"2022-09-13T11:14:14+00:00\",\"dateModified\":\"2023-02-28T13:47:50+00:00\",\"description\":\"\u00a1Cu\u00eddate y aseg\u00farate de hacer an\u00e1lisis de sangre una vez al a\u00f1o! Con el Laboratorio de An\u00e1lisis Cl\u00ednico Teresa Sampaio, nos encargamos de ti!\",\"breadcrumb\":{\"@id\":\"https:\/\/mteresasampaio.pt\/es\/reserva-en-linea-analisis-de-sangre\/#breadcrumb\"},\"inLanguage\":\"es\",\"potentialAction\":[{\"@type\":\"ReadAction\",\"target\":[\"https:\/\/mteresasampaio.pt\/es\/reserva-en-linea-analisis-de-sangre\/\"]}]},{\"@type\":\"BreadcrumbList\",\"@id\":\"https:\/\/mteresasampaio.pt\/es\/reserva-en-linea-analisis-de-sangre\/#breadcrumb\",\"itemListElement\":[{\"@type\":\"ListItem\",\"position\":1,\"name\":\"Home\",\"item\":\"https:\/\/mteresasampaio.pt\/es\/\"},{\"@type\":\"ListItem\",\"position\":2,\"name\":\"Reserva en l\u00ednea\"}]},{\"@type\":\"WebSite\",\"@id\":\"https:\/\/mteresasampaio.pt\/es\/#website\",\"url\":\"https:\/\/mteresasampaio.pt\/es\/\",\"name\":\"Laborat\u00f3rio de An\u00e1lises Cl\u00ednicas Teresa Sampaio\",\"description\":\"\",\"publisher\":{\"@id\":\"https:\/\/mteresasampaio.pt\/es\/#organization\"},\"potentialAction\":[{\"@type\":\"SearchAction\",\"target\":{\"@type\":\"EntryPoint\",\"urlTemplate\":\"https:\/\/mteresasampaio.pt\/es\/?s={search_term_string}\"},\"query-input\":\"required name=search_term_string\"}],\"inLanguage\":\"es\"},{\"@type\":\"Organization\",\"@id\":\"https:\/\/mteresasampaio.pt\/es\/#organization\",\"name\":\"Laborat\u00f3rio de An\u00e1lises Cl\u00ednicas Teresa Sampaio\",\"url\":\"https:\/\/mteresasampaio.pt\/es\/\",\"sameAs\":[\"https:\/\/www.facebook.com\/lacteresasampaio\"],\"logo\":{\"@type\":\"ImageObject\",\"inLanguage\":\"es\",\"@id\":\"https:\/\/mteresasampaio.pt\/es\/#\/schema\/logo\/image\/\",\"url\":\"https:\/\/mteresasampaio.pt\/wp-content\/uploads\/2022\/08\/logo.png\",\"contentUrl\":\"https:\/\/mteresasampaio.pt\/wp-content\/uploads\/2022\/08\/logo.png\",\"width\":999,\"height\":224,\"caption\":\"Laborat\u00f3rio de An\u00e1lises Cl\u00ednicas Teresa Sampaio\"},\"image\":{\"@id\":\"https:\/\/mteresasampaio.pt\/es\/#\/schema\/logo\/image\/\"}}]}<\/script>\n<!-- \/ Yoast SEO plugin. -->","yoast_head_json":{"title":"An\u00e1lisis de Sangre Salvan Vidas! - Cita en L\u00ednea Teresa Sampaio","description":"\u00a1Cu\u00eddate y aseg\u00farate de hacer an\u00e1lisis de sangre una vez al a\u00f1o! Con el Laboratorio de An\u00e1lisis Cl\u00ednico Teresa Sampaio, nos encargamos de ti!","robots":{"index":"index","follow":"follow","max-snippet":"max-snippet:-1","max-image-preview":"max-image-preview:large","max-video-preview":"max-video-preview:-1"},"canonical":"https:\/\/mteresasampaio.pt\/es\/reserva-en-linea-analisis-de-sangre\/","og_locale":"es_ES","og_type":"article","og_title":"An\u00e1lisis de Sangre Salvan Vidas! - Cita en L\u00ednea Teresa Sampaio","og_description":"\u00a1Cu\u00eddate y aseg\u00farate de hacer an\u00e1lisis de sangre una vez al a\u00f1o! Con el Laboratorio de An\u00e1lisis Cl\u00ednico Teresa Sampaio, nos encargamos de ti!","og_url":"https:\/\/mteresasampaio.pt\/es\/reserva-en-linea-analisis-de-sangre\/","og_site_name":"Laborat\u00f3rio de An\u00e1lises Cl\u00ednicas Teresa Sampaio","article_publisher":"https:\/\/www.facebook.com\/lacteresasampaio","article_modified_time":"2023-02-28T13:47:50+00:00","twitter_card":"summary_large_image","schema":{"@context":"https:\/\/schema.org","@graph":[{"@type":"WebPage","@id":"https:\/\/mteresasampaio.pt\/es\/reserva-en-linea-analisis-de-sangre\/","url":"https:\/\/mteresasampaio.pt\/es\/reserva-en-linea-analisis-de-sangre\/","name":"An\u00e1lisis de Sangre Salvan Vidas! - Cita en L\u00ednea Teresa Sampaio","isPartOf":{"@id":"https:\/\/mteresasampaio.pt\/es\/#website"},"datePublished":"2022-09-13T11:14:14+00:00","dateModified":"2023-02-28T13:47:50+00:00","description":"\u00a1Cu\u00eddate y aseg\u00farate de hacer an\u00e1lisis de sangre una vez al a\u00f1o! Con el Laboratorio de An\u00e1lisis Cl\u00ednico Teresa Sampaio, nos encargamos de ti!","breadcrumb":{"@id":"https:\/\/mteresasampaio.pt\/es\/reserva-en-linea-analisis-de-sangre\/#breadcrumb"},"inLanguage":"es","potentialAction":[{"@type":"ReadAction","target":["https:\/\/mteresasampaio.pt\/es\/reserva-en-linea-analisis-de-sangre\/"]}]},{"@type":"BreadcrumbList","@id":"https:\/\/mteresasampaio.pt\/es\/reserva-en-linea-analisis-de-sangre\/#breadcrumb","itemListElement":[{"@type":"ListItem","position":1,"name":"Home","item":"https:\/\/mteresasampaio.pt\/es\/"},{"@type":"ListItem","position":2,"name":"Reserva en l\u00ednea"}]},{"@type":"WebSite","@id":"https:\/\/mteresasampaio.pt\/es\/#website","url":"https:\/\/mteresasampaio.pt\/es\/","name":"Laborat\u00f3rio de An\u00e1lises Cl\u00ednicas Teresa Sampaio","description":"","publisher":{"@id":"https:\/\/mteresasampaio.pt\/es\/#organization"},"potentialAction":[{"@type":"SearchAction","target":{"@type":"EntryPoint","urlTemplate":"https:\/\/mteresasampaio.pt\/es\/?s={search_term_string}"},"query-input":"required name=search_term_string"}],"inLanguage":"es"},{"@type":"Organization","@id":"https:\/\/mteresasampaio.pt\/es\/#organization","name":"Laborat\u00f3rio de An\u00e1lises Cl\u00ednicas Teresa Sampaio","url":"https:\/\/mteresasampaio.pt\/es\/","sameAs":["https:\/\/www.facebook.com\/lacteresasampaio"],"logo":{"@type":"ImageObject","inLanguage":"es","@id":"https:\/\/mteresasampaio.pt\/es\/#\/schema\/logo\/image\/","url":"https:\/\/mteresasampaio.pt\/wp-content\/uploads\/2022\/08\/logo.png","contentUrl":"https:\/\/mteresasampaio.pt\/wp-content\/uploads\/2022\/08\/logo.png","width":999,"height":224,"caption":"Laborat\u00f3rio de An\u00e1lises Cl\u00ednicas Teresa Sampaio"},"image":{"@id":"https:\/\/mteresasampaio.pt\/es\/#\/schema\/logo\/image\/"}}]}},"_links":{"self":[{"href":"https:\/\/mteresasampaio.pt\/es\/wp-json\/wp\/v2\/pages\/445"}],"collection":[{"href":"https:\/\/mteresasampaio.pt\/es\/wp-json\/wp\/v2\/pages"}],"about":[{"href":"https:\/\/mteresasampaio.pt\/es\/wp-json\/wp\/v2\/types\/page"}],"author":[{"embeddable":true,"href":"https:\/\/mteresasampaio.pt\/es\/wp-json\/wp\/v2\/users\/1"}],"replies":[{"embeddable":true,"href":"https:\/\/mteresasampaio.pt\/es\/wp-json\/wp\/v2\/comments?post=445"}],"version-history":[{"count":3,"href":"https:\/\/mteresasampaio.pt\/es\/wp-json\/wp\/v2\/pages\/445\/revisions"}],"predecessor-version":[{"id":1038,"href":"https:\/\/mteresasampaio.pt\/es\/wp-json\/wp\/v2\/pages\/445\/revisions\/1038"}],"wp:attachment":[{"href":"https:\/\/mteresasampaio.pt\/es\/wp-json\/wp\/v2\/media?parent=445"}],"curies":[{"name":"wp","href":"https:\/\/api.w.org\/{rel}","templated":true}]}}