{"id":479,"date":"2022-08-24T12:54:30","date_gmt":"2022-08-24T13:54:30","guid":{"rendered":"https:\/\/mteresasampaio.pt\/sobre-nos\/"},"modified":"2024-07-15T11:07:38","modified_gmt":"2024-07-15T12:07:38","slug":"sobre-nosotros-analisis-de-sangre-laboratorio","status":"publish","type":"page","link":"https:\/\/mteresasampaio.pt\/es\/sobre-nosotros-analisis-de-sangre-laboratorio\/","title":{"rendered":"Sobre nosotros"},"content":{"rendered":"","protected":false},"excerpt":{"rendered":"","protected":false},"author":1,"featured_media":0,"parent":0,"menu_order":0,"comment_status":"closed","ping_status":"closed","template":"template-page-sobre-nos.php","meta":[],"acf":[],"yoast_head":"<!-- This site is optimized with the Yoast SEO plugin v19.6.1 - https:\/\/yoast.com\/wordpress\/plugins\/seo\/ -->\n<title>An\u00e1lisis de sangre cerca de usted - Laboratorio Teresa Sampaio<\/title>\n<meta name=\"description\" content=\"El Laboratorio Cl\u00ednico Teresa Sampaio se encuentra ahora en 5 islas de las Azores. \u00a1Descubra d\u00f3nde hacer un an\u00e1lisis de sangre!\" \/>\n<meta name=\"robots\" content=\"index, follow, max-snippet:-1, max-image-preview:large, max-video-preview:-1\" \/>\n<link rel=\"canonical\" href=\"https:\/\/mteresasampaio.pt\/es\/sobre-nosotros-analisis-de-sangre-laboratorio\/\" \/>\n<meta property=\"og:locale\" content=\"es_ES\" \/>\n<meta property=\"og:type\" content=\"article\" \/>\n<meta property=\"og:title\" content=\"An\u00e1lisis de sangre cerca de usted - Laboratorio Teresa Sampaio\" \/>\n<meta property=\"og:description\" content=\"El Laboratorio Cl\u00ednico Teresa Sampaio se encuentra ahora en 5 islas de las Azores. \u00a1Descubra d\u00f3nde hacer un an\u00e1lisis de sangre!\" \/>\n<meta property=\"og:url\" content=\"https:\/\/mteresasampaio.pt\/es\/sobre-nosotros-analisis-de-sangre-laboratorio\/\" \/>\n<meta property=\"og:site_name\" content=\"Laborat\u00f3rio de An\u00e1lises Cl\u00ednicas Teresa Sampaio\" \/>\n<meta property=\"article:publisher\" content=\"https:\/\/www.facebook.com\/lacteresasampaio\" \/>\n<meta property=\"article:modified_time\" content=\"2024-07-15T12:07:38+00:00\" \/>\n<meta name=\"twitter:card\" content=\"summary_large_image\" \/>\n<script type=\"application\/ld+json\" class=\"yoast-schema-graph\">{\"@context\":\"https:\/\/schema.org\",\"@graph\":[{\"@type\":\"WebPage\",\"@id\":\"https:\/\/mteresasampaio.pt\/es\/sobre-nosotros-analisis-de-sangre-laboratorio\/\",\"url\":\"https:\/\/mteresasampaio.pt\/es\/sobre-nosotros-analisis-de-sangre-laboratorio\/\",\"name\":\"An\u00e1lisis de sangre cerca de usted - Laboratorio Teresa Sampaio\",\"isPartOf\":{\"@id\":\"https:\/\/mteresasampaio.pt\/es\/#website\"},\"datePublished\":\"2022-08-24T13:54:30+00:00\",\"dateModified\":\"2024-07-15T12:07:38+00:00\",\"description\":\"El Laboratorio Cl\u00ednico Teresa Sampaio se encuentra ahora en 5 islas de las Azores. \u00a1Descubra d\u00f3nde hacer un an\u00e1lisis de sangre!\",\"breadcrumb\":{\"@id\":\"https:\/\/mteresasampaio.pt\/es\/sobre-nosotros-analisis-de-sangre-laboratorio\/#breadcrumb\"},\"inLanguage\":\"es\",\"potentialAction\":[{\"@type\":\"ReadAction\",\"target\":[\"https:\/\/mteresasampaio.pt\/es\/sobre-nosotros-analisis-de-sangre-laboratorio\/\"]}]},{\"@type\":\"BreadcrumbList\",\"@id\":\"https:\/\/mteresasampaio.pt\/es\/sobre-nosotros-analisis-de-sangre-laboratorio\/#breadcrumb\",\"itemListElement\":[{\"@type\":\"ListItem\",\"position\":1,\"name\":\"Home\",\"item\":\"https:\/\/mteresasampaio.pt\/es\/\"},{\"@type\":\"ListItem\",\"position\":2,\"name\":\"Sobre nosotros\"}]},{\"@type\":\"WebSite\",\"@id\":\"https:\/\/mteresasampaio.pt\/es\/#website\",\"url\":\"https:\/\/mteresasampaio.pt\/es\/\",\"name\":\"Laborat\u00f3rio de An\u00e1lises Cl\u00ednicas Teresa Sampaio\",\"description\":\"\",\"publisher\":{\"@id\":\"https:\/\/mteresasampaio.pt\/es\/#organization\"},\"potentialAction\":[{\"@type\":\"SearchAction\",\"target\":{\"@type\":\"EntryPoint\",\"urlTemplate\":\"https:\/\/mteresasampaio.pt\/es\/?s={search_term_string}\"},\"query-input\":\"required name=search_term_string\"}],\"inLanguage\":\"es\"},{\"@type\":\"Organization\",\"@id\":\"https:\/\/mteresasampaio.pt\/es\/#organization\",\"name\":\"Laborat\u00f3rio de An\u00e1lises Cl\u00ednicas Teresa Sampaio\",\"url\":\"https:\/\/mteresasampaio.pt\/es\/\",\"sameAs\":[\"https:\/\/www.facebook.com\/lacteresasampaio\"],\"logo\":{\"@type\":\"ImageObject\",\"inLanguage\":\"es\",\"@id\":\"https:\/\/mteresasampaio.pt\/es\/#\/schema\/logo\/image\/\",\"url\":\"https:\/\/mteresasampaio.pt\/wp-content\/uploads\/2022\/08\/logo.png\",\"contentUrl\":\"https:\/\/mteresasampaio.pt\/wp-content\/uploads\/2022\/08\/logo.png\",\"width\":999,\"height\":224,\"caption\":\"Laborat\u00f3rio de An\u00e1lises Cl\u00ednicas Teresa Sampaio\"},\"image\":{\"@id\":\"https:\/\/mteresasampaio.pt\/es\/#\/schema\/logo\/image\/\"}}]}<\/script>\n<!-- \/ Yoast SEO plugin. -->","yoast_head_json":{"title":"An\u00e1lisis de sangre cerca de usted - Laboratorio Teresa Sampaio","description":"El Laboratorio Cl\u00ednico Teresa Sampaio se encuentra ahora en 5 islas de las Azores. \u00a1Descubra d\u00f3nde hacer un an\u00e1lisis de sangre!","robots":{"index":"index","follow":"follow","max-snippet":"max-snippet:-1","max-image-preview":"max-image-preview:large","max-video-preview":"max-video-preview:-1"},"canonical":"https:\/\/mteresasampaio.pt\/es\/sobre-nosotros-analisis-de-sangre-laboratorio\/","og_locale":"es_ES","og_type":"article","og_title":"An\u00e1lisis de sangre cerca de usted - Laboratorio Teresa Sampaio","og_description":"El Laboratorio Cl\u00ednico Teresa Sampaio se encuentra ahora en 5 islas de las Azores. \u00a1Descubra d\u00f3nde hacer un an\u00e1lisis de sangre!","og_url":"https:\/\/mteresasampaio.pt\/es\/sobre-nosotros-analisis-de-sangre-laboratorio\/","og_site_name":"Laborat\u00f3rio de An\u00e1lises Cl\u00ednicas Teresa Sampaio","article_publisher":"https:\/\/www.facebook.com\/lacteresasampaio","article_modified_time":"2024-07-15T12:07:38+00:00","twitter_card":"summary_large_image","schema":{"@context":"https:\/\/schema.org","@graph":[{"@type":"WebPage","@id":"https:\/\/mteresasampaio.pt\/es\/sobre-nosotros-analisis-de-sangre-laboratorio\/","url":"https:\/\/mteresasampaio.pt\/es\/sobre-nosotros-analisis-de-sangre-laboratorio\/","name":"An\u00e1lisis de sangre cerca de usted - Laboratorio Teresa Sampaio","isPartOf":{"@id":"https:\/\/mteresasampaio.pt\/es\/#website"},"datePublished":"2022-08-24T13:54:30+00:00","dateModified":"2024-07-15T12:07:38+00:00","description":"El Laboratorio Cl\u00ednico Teresa Sampaio se encuentra ahora en 5 islas de las Azores. \u00a1Descubra d\u00f3nde hacer un an\u00e1lisis de sangre!","breadcrumb":{"@id":"https:\/\/mteresasampaio.pt\/es\/sobre-nosotros-analisis-de-sangre-laboratorio\/#breadcrumb"},"inLanguage":"es","potentialAction":[{"@type":"ReadAction","target":["https:\/\/mteresasampaio.pt\/es\/sobre-nosotros-analisis-de-sangre-laboratorio\/"]}]},{"@type":"BreadcrumbList","@id":"https:\/\/mteresasampaio.pt\/es\/sobre-nosotros-analisis-de-sangre-laboratorio\/#breadcrumb","itemListElement":[{"@type":"ListItem","position":1,"name":"Home","item":"https:\/\/mteresasampaio.pt\/es\/"},{"@type":"ListItem","position":2,"name":"Sobre nosotros"}]},{"@type":"WebSite","@id":"https:\/\/mteresasampaio.pt\/es\/#website","url":"https:\/\/mteresasampaio.pt\/es\/","name":"Laborat\u00f3rio de An\u00e1lises Cl\u00ednicas Teresa Sampaio","description":"","publisher":{"@id":"https:\/\/mteresasampaio.pt\/es\/#organization"},"potentialAction":[{"@type":"SearchAction","target":{"@type":"EntryPoint","urlTemplate":"https:\/\/mteresasampaio.pt\/es\/?s={search_term_string}"},"query-input":"required name=search_term_string"}],"inLanguage":"es"},{"@type":"Organization","@id":"https:\/\/mteresasampaio.pt\/es\/#organization","name":"Laborat\u00f3rio de An\u00e1lises Cl\u00ednicas Teresa Sampaio","url":"https:\/\/mteresasampaio.pt\/es\/","sameAs":["https:\/\/www.facebook.com\/lacteresasampaio"],"logo":{"@type":"ImageObject","inLanguage":"es","@id":"https:\/\/mteresasampaio.pt\/es\/#\/schema\/logo\/image\/","url":"https:\/\/mteresasampaio.pt\/wp-content\/uploads\/2022\/08\/logo.png","contentUrl":"https:\/\/mteresasampaio.pt\/wp-content\/uploads\/2022\/08\/logo.png","width":999,"height":224,"caption":"Laborat\u00f3rio de An\u00e1lises Cl\u00ednicas Teresa Sampaio"},"image":{"@id":"https:\/\/mteresasampaio.pt\/es\/#\/schema\/logo\/image\/"}}]}},"_links":{"self":[{"href":"https:\/\/mteresasampaio.pt\/es\/wp-json\/wp\/v2\/pages\/479"}],"collection":[{"href":"https:\/\/mteresasampaio.pt\/es\/wp-json\/wp\/v2\/pages"}],"about":[{"href":"https:\/\/mteresasampaio.pt\/es\/wp-json\/wp\/v2\/types\/page"}],"author":[{"embeddable":true,"href":"https:\/\/mteresasampaio.pt\/es\/wp-json\/wp\/v2\/users\/1"}],"replies":[{"embeddable":true,"href":"https:\/\/mteresasampaio.pt\/es\/wp-json\/wp\/v2\/comments?post=479"}],"version-history":[{"count":7,"href":"https:\/\/mteresasampaio.pt\/es\/wp-json\/wp\/v2\/pages\/479\/revisions"}],"predecessor-version":[{"id":2750,"href":"https:\/\/mteresasampaio.pt\/es\/wp-json\/wp\/v2\/pages\/479\/revisions\/2750"}],"wp:attachment":[{"href":"https:\/\/mteresasampaio.pt\/es\/wp-json\/wp\/v2\/media?parent=479"}],"curies":[{"name":"wp","href":"https:\/\/api.w.org\/{rel}","templated":true}]}}