{"id":957,"date":"2023-02-24T12:45:15","date_gmt":"2023-02-24T13:45:15","guid":{"rendered":"https:\/\/mteresasampaio.pt\/termos-e-condicoes\/"},"modified":"2023-02-27T14:54:00","modified_gmt":"2023-02-27T15:54:00","slug":"terminos-y-condiciones","status":"publish","type":"page","link":"https:\/\/mteresasampaio.pt\/es\/terminos-y-condiciones\/","title":{"rendered":"T\u00e9rminos y Condiciones"},"content":{"rendered":"<p><strong>T\u00c9RMINOS DE USO<\/strong><\/p>\n<p><strong>1. Condiciones Generales<\/strong><\/p>\n<p>1.1. La empresa M. TERESA PAIVA FORJAZ DE SAMPAIO LDA, con sede en Rua Padre C\u00e9sar Augusto Ferreira Cabido 35-A, 9500-338 Ponta Delgada, entidad legal n.\u00ba512.013.225, que tambi\u00e9n es su n\u00famero de registro en el Registro Mercantil de Ponta Delgada, con capital social de 125.000,00\u20ac, es responsable del sitio web <a href=\"https:\/\/mteresasampaio.pt\" target=\"_blank\" rel=\"noopener\">https:\/\/mteresasampaio.pt<\/a> .<\/p>\n<p>1.2. El usuario se manifiesta a aceptar y actuar en conformidad con los T\u00e9rminos y Condiciones de Uso descritos aqu\u00ed, as\u00ed como con todas sus modificaciones futuras, utilizando el servicio proporcionado por M. TERESA PAIVA FORJAZ DE SAMPAIO LDA en este sitio.<\/p>\n<p>1.3. En los t\u00e9rminos y condiciones mencionados aqu\u00ed, siempre que se utilicen los t\u00e9rminos \u201cnosotros\u201d o \u201cnuestro\u201d, nos referimos a M. TERESA PAIVA FORJAZ DE SAMPAIO LDA o <a href=\"https:\/\/mteresasampaio.pt\" target=\"_blank\" rel=\"noopener\">https:\/\/mteresasampaio.pt<\/a> . Siempre que usamos \u201custed\u201d o \u201csu\u201d, no nos referimos a cualquier persona que use <a href=\"https:\/\/mteresasampaio.pt\" target=\"_blank\" rel=\"noopener\">https:\/\/mteresasampaio.pt<\/a> .<\/p>\n<p>1.4. Al acceder y utilizar este sitio web est\u00e1 sujeto a los siguientes T\u00e9rminos y Condiciones de Uso, bien c\u00f3mo a nuestra Pol\u00edtica de Privacidad. Al navegar por el sitio web, usted acepta cumplir con estos T\u00e9rminos y Condiciones y Pol\u00edtica de Privacidad. Si no est\u00e1 de acuerdo con el contenido, no se le permite acceder y utilizar el sitio web, teniendo que terminar el acceso y\/o su uso.<\/p>\n<p>1.5. El cliente debe leer con cuidado los T\u00e9rminos y Condiciones cada vez que acceda al sitio web.<\/p>\n<p>1.6. Si viola alguno de los t\u00e9rminos incluidos en este documento, su derecho a acceder y utilizar este sitio web se rescindir\u00e1 inmediatamente.<\/p>\n<p>1.7. El contenido de este sitio est\u00e1 protegido por derechos de autor y es propiedad de M. TERESA PAIVA FORJAZ DE SAMPAIO LDA No est\u00e1 permitido usarlo de ninguna manera sin nuestro consentimiento.<\/p>\n<p>&nbsp;<\/p>\n<p><strong>2. <\/strong><strong>Presupuesto<\/strong><\/p>\n<p>2.1. Cualquier presupuesto enviado es v\u00e1lido durante 30 d\u00edas a partir de la fecha de env\u00edo, y puede estar sujeto a revisi\u00f3n despu\u00e9s de esta fecha l\u00edmite.<\/p>\n<p>2.2. En caso de error en el presupuesto enviado, M. TERESA PAIVA FORJAZ DE SAMPAIO LDA se reserva el derecho, durante su validez, de rectificarlo.<\/p>\n<p>2.3. Cualquier cambio a petici\u00f3n, servicio o gasto del cliente que no se haya expresado en el presupuesto inicial tiene un costo adicional.<\/p>\n<p><strong>\u00a0<\/strong><\/p>\n<p><strong>3. Derechos de autor, Propiedad y Copyright<\/strong><\/p>\n<p>3.1. Todo el contenido de este sitio web, que incluye texto, dise\u00f1o, ilustraciones, logo\/pos, v\u00eddeo, audio, fotograf\u00edas y otros elementos, est\u00e1n protegidos por la ley bajo el C\u00f3digo de Derechos de Autor y Derechos Conexos. Usted no puede mostrar, reproducir, distribuir, modificar, transmitir o utilizar el contenido de ninguna manera para ning\u00fan prop\u00f3sito p\u00fablico o comercial sin nuestro consentimiento previo y expreso por escrito.<\/p>\n<p>3.2. Los contenidos de este sitio est\u00e1n protegidos por derechos de autor y derechos conexos, derechos de propiedad industrial, la Ley de delitos inform\u00e1\/cos y son propiedad de M. TERESA PAIVA FORJAZ DE SAMPAIO LDA.<\/p>\n<p>3.3. Los derechos de autor de la obra s\u00f3lo ser\u00e1n propiedad del cliente, cuando se completen, aprueben y paguen en su totalidad.<\/p>\n<p>3.4. Nos reservamos el derecho de no proporcionar al cliente los archivos editables, fuentes u otras herramientas y software necesarios para la producci\u00f3n de las obras.<\/p>\n<p>3.5. M. TERESA PAIVA FORJAZ DE SAMPAIO LDA se reserva el derecho de emprender acciones legales contra los autores de cualquier copia, reproducci\u00f3n, difusi\u00f3n o explotaci\u00f3n comercial no autorizada de textos, dise\u00f1os, ilustraciones, logo\/pos, videos, audio, fotograf\u00edas y otros elementos, que no hayan sido objeto de transmisi\u00f3n de propiedad al cliente.<\/p>\n<p>3.6. El cliente es responsable por garan\/zar que los materiales que proporciona para la ejecuci\u00f3n de las obras no infringe ning\u00fan derecho de autor o derechos de propiedad industrial de terceros y de cualquier da\u00f1o causado a M. TERESA PAIVA FORJAZ DE SAMPAIO LDA, por el uso indebido de los mismos.<\/p>\n<p>&nbsp;<\/p>\n<p><strong>4. Resoluci\u00f3n de disputas en l\u00ednea<\/strong><\/p>\n<p>La Uni\u00f3n Europea ha creado un sitio web para ayudar a los consumidores a presentar sus quejas sobre cualquier disputa en la que est\u00e9n involucrados. En este contexto, M. TERESA PAIVA FORJAZ DE SAMPAIO LDA proporciona toda la informaci\u00f3n para que pueda ejercer su derecho de queja ante una entidad oficial, tercera e imparcial ante el proceso (\u00abentidad de resoluci\u00f3n de disputas\u00bb) que le ayudar\u00e1 a resolver la disputa en cuesti\u00f3n.<\/p>\n<p>Por lo tanto, si no estaba satisfecho con la adquisici\u00f3n de un bien o servicio en nuestro sitio web, o con la soluci\u00f3n presentada por nosotros para resolver la situaci\u00f3n, puede acceder a este sitio web oficial <a href=\"https:\/\/ec.europa.eu\/consumers\/odr\/main\/index.cfm? event=main.home2.show&amp;lng=ES\" target=\"_blank\" rel=\"noopener\">https:\/\/ec.europa.eu\/consumers\/odr\/main\/index.cfm? event=main.home2.show&amp;lng=ES<\/a> y expone tu desaf\u00edo.<\/p>\n<p>4.1. \u00bfQu\u00e9 es la resoluci\u00f3n alternativa de disputas?<\/p>\n<p>La resoluci\u00f3n alternativa de disputas es la posibilidad que todos los consumidores tienen a su disposici\u00f3n para apelar y las entidades oficiales que los ayudan en la resoluci\u00f3n u orientaci\u00f3n de cualquier conflicto antes de iniciar procedimientos de litigio en los tribunales.<\/p>\n<p>Como regla general, el procedimiento es el siguiente: el cliente pide a un tercero imparcial que interviene como intermediario entre \u00e9l y el comerciante que es el objetivo de su queja. El intermediario puede sugerir una soluci\u00f3n a su queja, imponer una soluci\u00f3n a ambas partes o reunir a las partes para encontrar una soluci\u00f3n.<\/p>\n<p>Puede\u00a0 conocer\u00a0 el\u00a0 concepto\u00a0 de\u00a0 resoluci\u00f3n\u00a0 alternativa\u00a0 de\u00a0 disputas\u00a0 con\u00a0 otro\u00a0 nombre: \u00abmediaci\u00f3n\u00bb, \u00abconciliaci\u00f3n\u00bb, \u00abarbitraje\u00bb o \u00abcomit\u00e9 competente en disputas de consumo\u00bb.<\/p>\n<p>La resoluci\u00f3n alternativa de disputas es, por regla general, menos costosa, menos formal y m\u00e1s r\u00e1pida que los medios judiciales.<\/p>\n<p>Sugerencias de entidades alternativas de resoluci\u00f3n de disputas:<\/p>\n<p>CNIACC &#8211; Centro Nacional de Informaci\u00f3n y Arbitraje de Conflictos de Consumo<\/p>\n<p><a href=\"http:\/\/www.arbitragemdeconsumo.org\/\" target=\"_blank\" rel=\"noopener\">http:\/\/www.arbitragemdeconsumo.org\/<\/a><\/p>\n<p>&nbsp;<\/p>\n<p>Centro de Arbitraje de Conflictos de Consumo de Lisboa<\/p>\n<p><a href=\"http:\/\/www.centroarbitragemlisboa.pt\/\" target=\"_blank\" rel=\"noopener\">http:\/\/www.centroarbitragemlisboa.pt\/<\/a><\/p>\n<p>&nbsp;<\/p>\n<p>Centro de Arbitraje de Conflictos de Consumo Vale do Ave\/Tribunal Arbitral<\/p>\n<p><a href=\"http:\/\/www.triave.pt\/\" target=\"_blank\" rel=\"noopener\">http:\/\/www.triave.pt\/<\/a><\/p>\n<p>&nbsp;<\/p>\n<p>CIAB \u2013 Centro de Informaci\u00f3n al Consumidor, Mediaci\u00f3n y Arbitraje (Tribunal de Arbitraje del Consumidor)<\/p>\n<p><a href=\"http:\/\/www.ciab.pt\/en\/\" target=\"_blank\" rel=\"noopener\">http:\/\/www.ciab.pt\/en\/<\/a><\/p>\n<p>&nbsp;<\/p>\n<p>CIMPAS &#8211; Centro del Defensor del Pueblo de Informaci\u00f3n, Mediaci\u00f3n y Seguros<\/p>\n<p><a href=\"https:\/\/www.cimpas.pt\/\" target=\"_blank\" rel=\"noopener\">https:\/\/www.cimpas.pt\/<\/a><\/p>\n<p>&nbsp;<\/p>\n<p><strong>5. Uso permitido\/Actividades prohibidas<\/strong><\/p>\n<p>El acceso y uso de este sitio web para funciones personales y no comerciales solo est\u00e1 permitido, es decir, que el sitio solo deba ser accedido y utilizado por particulares o por una empresa que desee adquirir nuestros servicios\/productos o empresa en su nombre.<\/p>\n<p>Cualquier actividad que consideremos inapropiada y\/o que pueda ser ilegal bajo la ley aplicable a este sitio web, incluyendo, pero no limitado a:<\/p>\n<p>5.1. Herir, abusar, difamar, amenazar u hostigar a otra persona o empresa, o de una manera que invada la privacidad de otra persona, o que sea obscena, ofensiva, odiosa, indecente, inapropiada, objetable, inaceptable, discriminatoria o da\u00f1ina.<\/p>\n<p>5.2. Acciones que pueden constituir una violaci\u00f3n de la privacidad, como el env\u00edo de informaci\u00f3n privada a este sitio sin el consentimiento de la persona afectada o cualquier otro derecho legal de las personas.<\/p>\n<p>5.3. Enviar a este sitio archivos que contengan virus que puedan causar da\u00f1os a la propiedad de M. TERESA PAIVA FORJAZ DE SAMPAIO LDA o la propiedad de individuos o modificar o revertir la ingenier\u00eda de cualquier parte del sitio web.<\/p>\n<p>5.4. Utilice cualquier tipo de c\u00f3digo autom\u00e1tico de computadora, proceso, programa, robot, rastreador de Internet, ara\u00f1a, procesador de datos, arrastre o raspado de pantalla alternativas a los c\u00f3digos de computadora, proceso, programa o sistema.<\/p>\n<p>5.5. El uso del sitio con fines ilegales o cualquier otro prop\u00f3sito que pueda considerarse indigno de nuestra imagen est\u00e1 expresamente prohibido. La usurpaci\u00f3n, falsificaci\u00f3n, uso de contenido usurpado o falsificado, identificaci\u00f3n ileg\u00edtima y competencia desleal son penalmente punibles.<\/p>\n<p>&nbsp;<\/p>\n<p><strong>6. Contenido y Garantias<\/strong><\/p>\n<p>6.1. La informaci\u00f3n de este sitio ha sido incluida de buena fe y sirve exclusivamente para informaci\u00f3n general, y su uso es responsabilidad exclusiva del usuario.<\/p>\n<p>6.2. Este sitio web y su contenido se proporcionan sin garant\u00edas de ning\u00fan tipo, es decir, no se da ninguna garant\u00eda de que el acceso a este sitio web sea ininterrumpido o libre de errores, libre de virus u otro material da\u00f1ino, o que la informaci\u00f3n en este sitio web sea completa, precisa y oportuna.<\/p>\n<p>6.3. M. TERESA PAIVA FORJAZ DE SAMPAIO LDA se reserva el derecho de realizar cambios y correcciones, suspender o terminar el sitio cuando se considere apropiado y sin previo aviso.<\/p>\n<p>6.4. M. TERESA PAIVA FORJAZ DE SAMPAIO LDA no filtra ni supervisa previamente el contenido transmitido a este sitio web por terceros y no es responsable de filtrar o monitorear dicho contenido.<\/p>\n<p>6.5. Si se le notifica, M. TERESA PAIVA FORJAZ DE SAMPAIO LDA puede investigar una reclamaci\u00f3n de que el contenido transmitido a este sitio web viola los T\u00e9rminos y Condiciones y puede determinar si har\u00e1 que la informaci\u00f3n se elimine de este sitio web.<\/p>\n<p>6.6.\u00a0 M. TERESA PAIVA FORJAZ DE SAMPAIO LDA\u00a0 no\u00a0 asume\u00a0 ninguna\u00a0 responsabilidad\u00a0 por\u00a0 cualquier\u00a0 acci\u00f3n\u00a0 o\u00a0 contenido transmitido por o entre usted o cualquier tercero dentro o fuera de este sitio web.<\/p>\n<p><strong>\u00a0<\/strong><\/p>\n<p><strong>7. Responsabilidad, Uso y Riesgo<\/strong><\/p>\n<p>7.1. La forma en que utiliza este sitio y el contenido presente en \u00e9l es \u00fanicamente su responsabilidad y riesgo.<\/p>\n<p>7.2. M. TERESA PAIVA FORJAZ DE SAMPAIO LDA y todos sus tutores legales, directores, empleados y agentes, as\u00ed como cualquier otra parte involucrada en la creaci\u00f3n, producci\u00f3n, mantenimiento o implementaci\u00f3n de este sitio web, no ser\u00e1n responsables ante ning\u00fan usuario del sitio web por cualquier posible da\u00f1o, p\u00e9rdida o lesi\u00f3n (incluyendo cualquier p\u00e9rdida de lucro cesante y p\u00e9rdida moral, indirecta, accidental o consecuente) que surja del uso correcto o incorrecto de este sitio web y su contenido, del acceso al ordenador o sistema inform\u00e1tico del usuario por parte de terceros, virus, etc.<\/p>\n<p>Este sitio contiene enlaces a sitios web de terceros. Estos enlaces se proporcionan \u00fanicamente para la comodidad y accesibilidad del usuario. No respaldamos el contenido de ninguno de estos sitios web de terceros y no somos responsables del contenido de ninguno de estos sitios. El acceso y la visita a cualquiera de estos sitios de terceros son bajo el \u00fanico riesgo del usuario.<\/p>\n<p>&nbsp;<\/p>\n<p><strong>8. Jurisdicci\u00f3n y Legislaci\u00f3n Aplicables<\/strong><\/p>\n<p>M. TERESA PAIVA FORJAZ DE SAMPAIO LDA y el usuario de este sitio aceptan, sin reservas, que cualquier disputa o disputa resultante del uso de este sitio se regir\u00e1 por la ley portuguesa.<\/p>\n<p>\u00daltima actualizaci\u00f3n: 1 de septiembre de 2022<\/p>\n","protected":false},"excerpt":{"rendered":"<p>T\u00c9RMINOS DE USO 1. Condiciones Generales 1.1. La empresa M. TERESA PAIVA FORJAZ DE SAMPAIO LDA, con sede en Rua Padre C\u00e9sar Augusto Ferreira Cabido 35-A, 9500-338 Ponta Delgada, entidad legal n.\u00ba512.013.225, que tambi\u00e9n es su n\u00famero de registro en el Registro Mercantil de Ponta Delgada, con capital social de 125.000,00\u20ac, es responsable del sitio [&hellip;]<\/p>\n","protected":false},"author":1,"featured_media":0,"parent":0,"menu_order":0,"comment_status":"closed","ping_status":"closed","template":"","meta":[],"acf":[],"yoast_head":"<!-- This site is optimized with the Yoast SEO plugin v19.6.1 - https:\/\/yoast.com\/wordpress\/plugins\/seo\/ -->\n<title>T\u00e9rminos y Condiciones | An\u00e1lisis Cl\u00ednicos Teresa Sampaio<\/title>\n<meta name=\"description\" content=\"Por favor, lea atentamente nuestros t\u00e9rminos y condiciones antes de utilizar nuestro sitio web. Aqu\u00ed valoramos su privacidad.\" \/>\n<meta name=\"robots\" content=\"index, follow, max-snippet:-1, max-image-preview:large, max-video-preview:-1\" \/>\n<link rel=\"canonical\" href=\"https:\/\/mteresasampaio.pt\/es\/terminos-y-condiciones\/\" \/>\n<meta property=\"og:locale\" content=\"es_ES\" \/>\n<meta property=\"og:type\" content=\"article\" \/>\n<meta property=\"og:title\" content=\"T\u00e9rminos y Condiciones | An\u00e1lisis Cl\u00ednicos Teresa Sampaio\" \/>\n<meta property=\"og:description\" content=\"Por favor, lea atentamente nuestros t\u00e9rminos y condiciones antes de utilizar nuestro sitio web. Aqu\u00ed valoramos su privacidad.\" \/>\n<meta property=\"og:url\" content=\"https:\/\/mteresasampaio.pt\/es\/terminos-y-condiciones\/\" \/>\n<meta property=\"og:site_name\" content=\"Laborat\u00f3rio de An\u00e1lises Cl\u00ednicas Teresa Sampaio\" \/>\n<meta property=\"article:publisher\" content=\"https:\/\/www.facebook.com\/lacteresasampaio\" \/>\n<meta property=\"article:modified_time\" content=\"2023-02-27T15:54:00+00:00\" \/>\n<meta name=\"twitter:card\" content=\"summary_large_image\" \/>\n<meta name=\"twitter:label1\" content=\"Est. reading time\" \/>\n\t<meta name=\"twitter:data1\" content=\"8 minutos\" \/>\n<script type=\"application\/ld+json\" class=\"yoast-schema-graph\">{\"@context\":\"https:\/\/schema.org\",\"@graph\":[{\"@type\":\"WebPage\",\"@id\":\"https:\/\/mteresasampaio.pt\/es\/terminos-y-condiciones\/\",\"url\":\"https:\/\/mteresasampaio.pt\/es\/terminos-y-condiciones\/\",\"name\":\"T\u00e9rminos y Condiciones | An\u00e1lisis Cl\u00ednicos Teresa Sampaio\",\"isPartOf\":{\"@id\":\"https:\/\/mteresasampaio.pt\/es\/#website\"},\"datePublished\":\"2023-02-24T13:45:15+00:00\",\"dateModified\":\"2023-02-27T15:54:00+00:00\",\"description\":\"Por favor, lea atentamente nuestros t\u00e9rminos y condiciones antes de utilizar nuestro sitio web. Aqu\u00ed valoramos su privacidad.\",\"breadcrumb\":{\"@id\":\"https:\/\/mteresasampaio.pt\/es\/terminos-y-condiciones\/#breadcrumb\"},\"inLanguage\":\"es\",\"potentialAction\":[{\"@type\":\"ReadAction\",\"target\":[\"https:\/\/mteresasampaio.pt\/es\/terminos-y-condiciones\/\"]}]},{\"@type\":\"BreadcrumbList\",\"@id\":\"https:\/\/mteresasampaio.pt\/es\/terminos-y-condiciones\/#breadcrumb\",\"itemListElement\":[{\"@type\":\"ListItem\",\"position\":1,\"name\":\"Home\",\"item\":\"https:\/\/mteresasampaio.pt\/es\/\"},{\"@type\":\"ListItem\",\"position\":2,\"name\":\"T\u00e9rminos y Condiciones\"}]},{\"@type\":\"WebSite\",\"@id\":\"https:\/\/mteresasampaio.pt\/es\/#website\",\"url\":\"https:\/\/mteresasampaio.pt\/es\/\",\"name\":\"Laborat\u00f3rio de An\u00e1lises Cl\u00ednicas Teresa Sampaio\",\"description\":\"\",\"publisher\":{\"@id\":\"https:\/\/mteresasampaio.pt\/es\/#organization\"},\"potentialAction\":[{\"@type\":\"SearchAction\",\"target\":{\"@type\":\"EntryPoint\",\"urlTemplate\":\"https:\/\/mteresasampaio.pt\/es\/?s={search_term_string}\"},\"query-input\":\"required name=search_term_string\"}],\"inLanguage\":\"es\"},{\"@type\":\"Organization\",\"@id\":\"https:\/\/mteresasampaio.pt\/es\/#organization\",\"name\":\"Laborat\u00f3rio de An\u00e1lises Cl\u00ednicas Teresa Sampaio\",\"url\":\"https:\/\/mteresasampaio.pt\/es\/\",\"sameAs\":[\"https:\/\/www.facebook.com\/lacteresasampaio\"],\"logo\":{\"@type\":\"ImageObject\",\"inLanguage\":\"es\",\"@id\":\"https:\/\/mteresasampaio.pt\/es\/#\/schema\/logo\/image\/\",\"url\":\"https:\/\/mteresasampaio.pt\/wp-content\/uploads\/2022\/08\/logo.png\",\"contentUrl\":\"https:\/\/mteresasampaio.pt\/wp-content\/uploads\/2022\/08\/logo.png\",\"width\":999,\"height\":224,\"caption\":\"Laborat\u00f3rio de An\u00e1lises Cl\u00ednicas Teresa Sampaio\"},\"image\":{\"@id\":\"https:\/\/mteresasampaio.pt\/es\/#\/schema\/logo\/image\/\"}}]}<\/script>\n<!-- \/ Yoast SEO plugin. -->","yoast_head_json":{"title":"T\u00e9rminos y Condiciones | An\u00e1lisis Cl\u00ednicos Teresa Sampaio","description":"Por favor, lea atentamente nuestros t\u00e9rminos y condiciones antes de utilizar nuestro sitio web. Aqu\u00ed valoramos su privacidad.","robots":{"index":"index","follow":"follow","max-snippet":"max-snippet:-1","max-image-preview":"max-image-preview:large","max-video-preview":"max-video-preview:-1"},"canonical":"https:\/\/mteresasampaio.pt\/es\/terminos-y-condiciones\/","og_locale":"es_ES","og_type":"article","og_title":"T\u00e9rminos y Condiciones | An\u00e1lisis Cl\u00ednicos Teresa Sampaio","og_description":"Por favor, lea atentamente nuestros t\u00e9rminos y condiciones antes de utilizar nuestro sitio web. Aqu\u00ed valoramos su privacidad.","og_url":"https:\/\/mteresasampaio.pt\/es\/terminos-y-condiciones\/","og_site_name":"Laborat\u00f3rio de An\u00e1lises Cl\u00ednicas Teresa Sampaio","article_publisher":"https:\/\/www.facebook.com\/lacteresasampaio","article_modified_time":"2023-02-27T15:54:00+00:00","twitter_card":"summary_large_image","twitter_misc":{"Est. reading time":"8 minutos"},"schema":{"@context":"https:\/\/schema.org","@graph":[{"@type":"WebPage","@id":"https:\/\/mteresasampaio.pt\/es\/terminos-y-condiciones\/","url":"https:\/\/mteresasampaio.pt\/es\/terminos-y-condiciones\/","name":"T\u00e9rminos y Condiciones | An\u00e1lisis Cl\u00ednicos Teresa Sampaio","isPartOf":{"@id":"https:\/\/mteresasampaio.pt\/es\/#website"},"datePublished":"2023-02-24T13:45:15+00:00","dateModified":"2023-02-27T15:54:00+00:00","description":"Por favor, lea atentamente nuestros t\u00e9rminos y condiciones antes de utilizar nuestro sitio web. Aqu\u00ed valoramos su privacidad.","breadcrumb":{"@id":"https:\/\/mteresasampaio.pt\/es\/terminos-y-condiciones\/#breadcrumb"},"inLanguage":"es","potentialAction":[{"@type":"ReadAction","target":["https:\/\/mteresasampaio.pt\/es\/terminos-y-condiciones\/"]}]},{"@type":"BreadcrumbList","@id":"https:\/\/mteresasampaio.pt\/es\/terminos-y-condiciones\/#breadcrumb","itemListElement":[{"@type":"ListItem","position":1,"name":"Home","item":"https:\/\/mteresasampaio.pt\/es\/"},{"@type":"ListItem","position":2,"name":"T\u00e9rminos y Condiciones"}]},{"@type":"WebSite","@id":"https:\/\/mteresasampaio.pt\/es\/#website","url":"https:\/\/mteresasampaio.pt\/es\/","name":"Laborat\u00f3rio de An\u00e1lises Cl\u00ednicas Teresa Sampaio","description":"","publisher":{"@id":"https:\/\/mteresasampaio.pt\/es\/#organization"},"potentialAction":[{"@type":"SearchAction","target":{"@type":"EntryPoint","urlTemplate":"https:\/\/mteresasampaio.pt\/es\/?s={search_term_string}"},"query-input":"required name=search_term_string"}],"inLanguage":"es"},{"@type":"Organization","@id":"https:\/\/mteresasampaio.pt\/es\/#organization","name":"Laborat\u00f3rio de An\u00e1lises Cl\u00ednicas Teresa Sampaio","url":"https:\/\/mteresasampaio.pt\/es\/","sameAs":["https:\/\/www.facebook.com\/lacteresasampaio"],"logo":{"@type":"ImageObject","inLanguage":"es","@id":"https:\/\/mteresasampaio.pt\/es\/#\/schema\/logo\/image\/","url":"https:\/\/mteresasampaio.pt\/wp-content\/uploads\/2022\/08\/logo.png","contentUrl":"https:\/\/mteresasampaio.pt\/wp-content\/uploads\/2022\/08\/logo.png","width":999,"height":224,"caption":"Laborat\u00f3rio de An\u00e1lises Cl\u00ednicas Teresa Sampaio"},"image":{"@id":"https:\/\/mteresasampaio.pt\/es\/#\/schema\/logo\/image\/"}}]}},"_links":{"self":[{"href":"https:\/\/mteresasampaio.pt\/es\/wp-json\/wp\/v2\/pages\/957"}],"collection":[{"href":"https:\/\/mteresasampaio.pt\/es\/wp-json\/wp\/v2\/pages"}],"about":[{"href":"https:\/\/mteresasampaio.pt\/es\/wp-json\/wp\/v2\/types\/page"}],"author":[{"embeddable":true,"href":"https:\/\/mteresasampaio.pt\/es\/wp-json\/wp\/v2\/users\/1"}],"replies":[{"embeddable":true,"href":"https:\/\/mteresasampaio.pt\/es\/wp-json\/wp\/v2\/comments?post=957"}],"version-history":[{"count":3,"href":"https:\/\/mteresasampaio.pt\/es\/wp-json\/wp\/v2\/pages\/957\/revisions"}],"predecessor-version":[{"id":1021,"href":"https:\/\/mteresasampaio.pt\/es\/wp-json\/wp\/v2\/pages\/957\/revisions\/1021"}],"wp:attachment":[{"href":"https:\/\/mteresasampaio.pt\/es\/wp-json\/wp\/v2\/media?parent=957"}],"curies":[{"name":"wp","href":"https:\/\/api.w.org\/{rel}","templated":true}]}}