{"id":1089,"date":"2023-03-02T08:38:58","date_gmt":"2023-03-02T09:38:58","guid":{"rendered":"https:\/\/mteresasampaio.pt\/politica-de-qualidade\/"},"modified":"2024-10-16T09:01:39","modified_gmt":"2024-10-16T10:01:39","slug":"politique-de-qualite","status":"publish","type":"page","link":"https:\/\/mteresasampaio.pt\/fr\/politique-de-qualite\/","title":{"rendered":"Politique de qualit\u00e9"},"content":{"rendered":"<p>Le Laboratorio M. Teresa Paiva Forjaz Sampaio entend non seulement garantir l&rsquo;efficacit\u00e9 et la qualit\u00e9 de ses services pour l&rsquo;enti\u00e8re satisfaction de ses clients, en s&rsquo;engageant \u00e0 respecter les normes stipul\u00e9es pour les laboratoires cliniques, le Manuel des bonnes pratiques de laboratoire et le Manuel de qualit\u00e9, mais aussi garantir la s\u00e9curit\u00e9 de ses collaborateurs et des autres parties prenantes. \u00c0 cette fin, le laboratoire s&rsquo;engage \u00e0:<\/p>\n<ul>\n<li>Respecter les <strong>Exigences<\/strong> applicables et s&rsquo;am\u00e9liorer continuellement.<\/li>\n<li>Mettre \u00e0 jour <strong>l&rsquo;\u00e9quipement<\/strong> analytique.<\/li>\n<li>Garantir la <strong>Satisfaction<\/strong> des parties int\u00e9ress\u00e9es.<\/li>\n<li>Assurer la <strong>Confidentialit\u00e9<\/strong> des donn\u00e9es personnelles et des r\u00e9sultats analytiques.<\/li>\n<li>Exercer ses activit\u00e9s avec Rigueur.<\/li>\n<li>Maintenir la motivation et la comp\u00e9tence des <strong>Employ\u00e9s<\/strong>.<\/li>\n<li>Maintenir une politique de bonnes relations et de partenariat avec les <strong>Fournisseurs<\/strong>.<\/li>\n<li>Garantir la <strong>P\u00e9rennit\u00e9<\/strong> de l&rsquo;activit\u00e9 de diagnostic compl\u00e9mentaire exerc\u00e9e dans le laboratoire.<\/li>\n<li>Garantir la <strong>S\u00e9curit\u00e9<\/strong> des employ\u00e9s, des utilisateurs et des fournisseurs.<\/li>\n<li>Transmettre la <strong>Confiance<\/strong> \u00e0 ses utilisateurs, du service au r\u00e9sultat final.<\/li>\n<li>Mener l&rsquo;activit\u00e9 en <strong>Respectant l&rsquo;environnement<\/strong>.<\/li>\n<\/ul>\n","protected":false},"excerpt":{"rendered":"<p>Le Laboratorio M. Teresa Paiva Forjaz Sampaio entend non seulement garantir l&rsquo;efficacit\u00e9 et la qualit\u00e9 de ses services pour l&rsquo;enti\u00e8re satisfaction de ses clients, en s&rsquo;engageant \u00e0 respecter les normes stipul\u00e9es pour les laboratoires cliniques, le Manuel des bonnes pratiques de laboratoire et le Manuel de qualit\u00e9, mais aussi garantir la s\u00e9curit\u00e9 de ses collaborateurs [&hellip;]<\/p>\n","protected":false},"author":1,"featured_media":0,"parent":0,"menu_order":0,"comment_status":"closed","ping_status":"closed","template":"","meta":[],"acf":[],"yoast_head":"<!-- This site is optimized with the Yoast SEO plugin v19.6.1 - https:\/\/yoast.com\/wordpress\/plugins\/seo\/ -->\n<title>Politique de qualit\u00e9 - Laborat\u00f3rio de An\u00e1lises Cl\u00ednicas Teresa Sampaio em S\u00e3o Miguel, A\u00e7ores<\/title>\n<meta name=\"robots\" content=\"index, follow, max-snippet:-1, max-image-preview:large, max-video-preview:-1\" \/>\n<link rel=\"canonical\" href=\"https:\/\/mteresasampaio.pt\/fr\/politique-de-qualite\/\" \/>\n<meta property=\"og:locale\" content=\"fr_FR\" \/>\n<meta property=\"og:type\" content=\"article\" \/>\n<meta property=\"og:title\" content=\"Politique de qualit\u00e9 - Laborat\u00f3rio de An\u00e1lises Cl\u00ednicas Teresa Sampaio em S\u00e3o Miguel, A\u00e7ores\" \/>\n<meta property=\"og:description\" content=\"Le Laboratorio M. Teresa Paiva Forjaz Sampaio entend non seulement garantir l&rsquo;efficacit\u00e9 et la qualit\u00e9 de ses services pour l&rsquo;enti\u00e8re satisfaction de ses clients, en s&rsquo;engageant \u00e0 respecter les normes stipul\u00e9es pour les laboratoires cliniques, le Manuel des bonnes pratiques de laboratoire et le Manuel de qualit\u00e9, mais aussi garantir la s\u00e9curit\u00e9 de ses collaborateurs [&hellip;]\" \/>\n<meta property=\"og:url\" content=\"https:\/\/mteresasampaio.pt\/fr\/politique-de-qualite\/\" \/>\n<meta property=\"og:site_name\" content=\"Laborat\u00f3rio de An\u00e1lises Cl\u00ednicas Teresa Sampaio em S\u00e3o Miguel, A\u00e7ores\" \/>\n<meta property=\"article:publisher\" content=\"https:\/\/www.facebook.com\/lacteresasampaio\" \/>\n<meta property=\"article:modified_time\" content=\"2024-10-16T10:01:39+00:00\" \/>\n<meta name=\"twitter:card\" content=\"summary_large_image\" \/>\n<meta name=\"twitter:label1\" content=\"Est. reading time\" \/>\n\t<meta name=\"twitter:data1\" content=\"1 minute\" \/>\n<script type=\"application\/ld+json\" class=\"yoast-schema-graph\">{\"@context\":\"https:\/\/schema.org\",\"@graph\":[{\"@type\":\"WebPage\",\"@id\":\"https:\/\/mteresasampaio.pt\/fr\/politique-de-qualite\/\",\"url\":\"https:\/\/mteresasampaio.pt\/fr\/politique-de-qualite\/\",\"name\":\"Politique de qualit\u00e9 - Laborat\u00f3rio de An\u00e1lises Cl\u00ednicas Teresa Sampaio em S\u00e3o Miguel, A\u00e7ores\",\"isPartOf\":{\"@id\":\"https:\/\/mteresasampaio.pt\/fr\/#website\"},\"datePublished\":\"2023-03-02T09:38:58+00:00\",\"dateModified\":\"2024-10-16T10:01:39+00:00\",\"breadcrumb\":{\"@id\":\"https:\/\/mteresasampaio.pt\/fr\/politique-de-qualite\/#breadcrumb\"},\"inLanguage\":\"fr-FR\",\"potentialAction\":[{\"@type\":\"ReadAction\",\"target\":[\"https:\/\/mteresasampaio.pt\/fr\/politique-de-qualite\/\"]}]},{\"@type\":\"BreadcrumbList\",\"@id\":\"https:\/\/mteresasampaio.pt\/fr\/politique-de-qualite\/#breadcrumb\",\"itemListElement\":[{\"@type\":\"ListItem\",\"position\":1,\"name\":\"Home\",\"item\":\"https:\/\/mteresasampaio.pt\/fr\/\"},{\"@type\":\"ListItem\",\"position\":2,\"name\":\"Politique de qualit\u00e9\"}]},{\"@type\":\"WebSite\",\"@id\":\"https:\/\/mteresasampaio.pt\/fr\/#website\",\"url\":\"https:\/\/mteresasampaio.pt\/fr\/\",\"name\":\"Laborat\u00f3rio de An\u00e1lises Cl\u00ednicas Teresa Sampaio em S\u00e3o Miguel, A\u00e7ores\",\"description\":\"\",\"publisher\":{\"@id\":\"https:\/\/mteresasampaio.pt\/fr\/#organization\"},\"potentialAction\":[{\"@type\":\"SearchAction\",\"target\":{\"@type\":\"EntryPoint\",\"urlTemplate\":\"https:\/\/mteresasampaio.pt\/fr\/?s={search_term_string}\"},\"query-input\":\"required name=search_term_string\"}],\"inLanguage\":\"fr-FR\"},{\"@type\":\"Organization\",\"@id\":\"https:\/\/mteresasampaio.pt\/fr\/#organization\",\"name\":\"Laborat\u00f3rio de An\u00e1lises Cl\u00ednicas Teresa Sampaio em S\u00e3o Miguel, A\u00e7ores\",\"url\":\"https:\/\/mteresasampaio.pt\/fr\/\",\"sameAs\":[\"https:\/\/www.facebook.com\/lacteresasampaio\"],\"logo\":{\"@type\":\"ImageObject\",\"inLanguage\":\"fr-FR\",\"@id\":\"https:\/\/mteresasampaio.pt\/fr\/#\/schema\/logo\/image\/\",\"url\":\"https:\/\/mteresasampaio.pt\/wp-content\/uploads\/2022\/08\/logo.png\",\"contentUrl\":\"https:\/\/mteresasampaio.pt\/wp-content\/uploads\/2022\/08\/logo.png\",\"width\":999,\"height\":224,\"caption\":\"Laborat\u00f3rio de An\u00e1lises Cl\u00ednicas Teresa Sampaio em S\u00e3o Miguel, A\u00e7ores\"},\"image\":{\"@id\":\"https:\/\/mteresasampaio.pt\/fr\/#\/schema\/logo\/image\/\"}}]}<\/script>\n<!-- \/ Yoast SEO plugin. -->","yoast_head_json":{"title":"Politique de qualit\u00e9 - Laborat\u00f3rio de An\u00e1lises Cl\u00ednicas Teresa Sampaio em S\u00e3o Miguel, A\u00e7ores","robots":{"index":"index","follow":"follow","max-snippet":"max-snippet:-1","max-image-preview":"max-image-preview:large","max-video-preview":"max-video-preview:-1"},"canonical":"https:\/\/mteresasampaio.pt\/fr\/politique-de-qualite\/","og_locale":"fr_FR","og_type":"article","og_title":"Politique de qualit\u00e9 - Laborat\u00f3rio de An\u00e1lises Cl\u00ednicas Teresa Sampaio em S\u00e3o Miguel, A\u00e7ores","og_description":"Le Laboratorio M. Teresa Paiva Forjaz Sampaio entend non seulement garantir l&rsquo;efficacit\u00e9 et la qualit\u00e9 de ses services pour l&rsquo;enti\u00e8re satisfaction de ses clients, en s&rsquo;engageant \u00e0 respecter les normes stipul\u00e9es pour les laboratoires cliniques, le Manuel des bonnes pratiques de laboratoire et le Manuel de qualit\u00e9, mais aussi garantir la s\u00e9curit\u00e9 de ses collaborateurs [&hellip;]","og_url":"https:\/\/mteresasampaio.pt\/fr\/politique-de-qualite\/","og_site_name":"Laborat\u00f3rio de An\u00e1lises Cl\u00ednicas Teresa Sampaio em S\u00e3o Miguel, A\u00e7ores","article_publisher":"https:\/\/www.facebook.com\/lacteresasampaio","article_modified_time":"2024-10-16T10:01:39+00:00","twitter_card":"summary_large_image","twitter_misc":{"Est. reading time":"1 minute"},"schema":{"@context":"https:\/\/schema.org","@graph":[{"@type":"WebPage","@id":"https:\/\/mteresasampaio.pt\/fr\/politique-de-qualite\/","url":"https:\/\/mteresasampaio.pt\/fr\/politique-de-qualite\/","name":"Politique de qualit\u00e9 - Laborat\u00f3rio de An\u00e1lises Cl\u00ednicas Teresa Sampaio em S\u00e3o Miguel, A\u00e7ores","isPartOf":{"@id":"https:\/\/mteresasampaio.pt\/fr\/#website"},"datePublished":"2023-03-02T09:38:58+00:00","dateModified":"2024-10-16T10:01:39+00:00","breadcrumb":{"@id":"https:\/\/mteresasampaio.pt\/fr\/politique-de-qualite\/#breadcrumb"},"inLanguage":"fr-FR","potentialAction":[{"@type":"ReadAction","target":["https:\/\/mteresasampaio.pt\/fr\/politique-de-qualite\/"]}]},{"@type":"BreadcrumbList","@id":"https:\/\/mteresasampaio.pt\/fr\/politique-de-qualite\/#breadcrumb","itemListElement":[{"@type":"ListItem","position":1,"name":"Home","item":"https:\/\/mteresasampaio.pt\/fr\/"},{"@type":"ListItem","position":2,"name":"Politique de qualit\u00e9"}]},{"@type":"WebSite","@id":"https:\/\/mteresasampaio.pt\/fr\/#website","url":"https:\/\/mteresasampaio.pt\/fr\/","name":"Laborat\u00f3rio de An\u00e1lises Cl\u00ednicas Teresa Sampaio em S\u00e3o Miguel, A\u00e7ores","description":"","publisher":{"@id":"https:\/\/mteresasampaio.pt\/fr\/#organization"},"potentialAction":[{"@type":"SearchAction","target":{"@type":"EntryPoint","urlTemplate":"https:\/\/mteresasampaio.pt\/fr\/?s={search_term_string}"},"query-input":"required name=search_term_string"}],"inLanguage":"fr-FR"},{"@type":"Organization","@id":"https:\/\/mteresasampaio.pt\/fr\/#organization","name":"Laborat\u00f3rio de An\u00e1lises Cl\u00ednicas Teresa Sampaio em S\u00e3o Miguel, A\u00e7ores","url":"https:\/\/mteresasampaio.pt\/fr\/","sameAs":["https:\/\/www.facebook.com\/lacteresasampaio"],"logo":{"@type":"ImageObject","inLanguage":"fr-FR","@id":"https:\/\/mteresasampaio.pt\/fr\/#\/schema\/logo\/image\/","url":"https:\/\/mteresasampaio.pt\/wp-content\/uploads\/2022\/08\/logo.png","contentUrl":"https:\/\/mteresasampaio.pt\/wp-content\/uploads\/2022\/08\/logo.png","width":999,"height":224,"caption":"Laborat\u00f3rio de An\u00e1lises Cl\u00ednicas Teresa Sampaio em S\u00e3o Miguel, A\u00e7ores"},"image":{"@id":"https:\/\/mteresasampaio.pt\/fr\/#\/schema\/logo\/image\/"}}]}},"_links":{"self":[{"href":"https:\/\/mteresasampaio.pt\/fr\/wp-json\/wp\/v2\/pages\/1089"}],"collection":[{"href":"https:\/\/mteresasampaio.pt\/fr\/wp-json\/wp\/v2\/pages"}],"about":[{"href":"https:\/\/mteresasampaio.pt\/fr\/wp-json\/wp\/v2\/types\/page"}],"author":[{"embeddable":true,"href":"https:\/\/mteresasampaio.pt\/fr\/wp-json\/wp\/v2\/users\/1"}],"replies":[{"embeddable":true,"href":"https:\/\/mteresasampaio.pt\/fr\/wp-json\/wp\/v2\/comments?post=1089"}],"version-history":[{"count":5,"href":"https:\/\/mteresasampaio.pt\/fr\/wp-json\/wp\/v2\/pages\/1089\/revisions"}],"predecessor-version":[{"id":3007,"href":"https:\/\/mteresasampaio.pt\/fr\/wp-json\/wp\/v2\/pages\/1089\/revisions\/3007"}],"wp:attachment":[{"href":"https:\/\/mteresasampaio.pt\/fr\/wp-json\/wp\/v2\/media?parent=1089"}],"curies":[{"name":"wp","href":"https:\/\/api.w.org\/{rel}","templated":true}]}}