{"id":305,"date":"2022-08-24T12:55:07","date_gmt":"2022-08-24T13:55:07","guid":{"rendered":"https:\/\/mteresasampaio.pt\/contactos\/"},"modified":"2023-02-28T13:07:59","modified_gmt":"2023-02-28T14:07:59","slug":"ou-faire-analyse-urine-sang-contacts","status":"publish","type":"page","link":"https:\/\/mteresasampaio.pt\/fr\/ou-faire-analyse-urine-sang-contacts\/","title":{"rendered":"Contacts"},"content":{"rendered":"","protected":false},"excerpt":{"rendered":"","protected":false},"author":1,"featured_media":0,"parent":0,"menu_order":0,"comment_status":"closed","ping_status":"closed","template":"template-page-contactos.php","meta":[],"acf":[],"yoast_head":"<!-- This site is optimized with the Yoast SEO plugin v19.6.1 - https:\/\/yoast.com\/wordpress\/plugins\/seo\/ -->\n<title>Analyse Urine et Sanguine | Analyse Clinique Teresa Sampaio<\/title>\n<meta name=\"description\" content=\"Vous ne savez pas ou faire des analyses cliniques d\u2019urine et de sang? Contactez-nous et prenez rendez-vous au laboratoire Teresa Sampaio.\" \/>\n<meta name=\"robots\" content=\"index, follow, max-snippet:-1, max-image-preview:large, max-video-preview:-1\" \/>\n<link rel=\"canonical\" href=\"https:\/\/mteresasampaio.pt\/fr\/ou-faire-analyse-urine-sang-contacts\/\" \/>\n<meta property=\"og:locale\" content=\"fr_FR\" \/>\n<meta property=\"og:type\" content=\"article\" \/>\n<meta property=\"og:title\" content=\"Analyse Urine et Sanguine | Analyse Clinique Teresa Sampaio\" \/>\n<meta property=\"og:description\" content=\"Vous ne savez pas ou faire des analyses cliniques d\u2019urine et de sang? Contactez-nous et prenez rendez-vous au laboratoire Teresa Sampaio.\" \/>\n<meta property=\"og:url\" content=\"https:\/\/mteresasampaio.pt\/fr\/ou-faire-analyse-urine-sang-contacts\/\" \/>\n<meta property=\"og:site_name\" content=\"Laborat\u00f3rio de An\u00e1lises Cl\u00ednicas Teresa Sampaio em S\u00e3o Miguel, A\u00e7ores\" \/>\n<meta property=\"article:publisher\" content=\"https:\/\/www.facebook.com\/lacteresasampaio\" \/>\n<meta property=\"article:modified_time\" content=\"2023-02-28T14:07:59+00:00\" \/>\n<meta name=\"twitter:card\" content=\"summary_large_image\" \/>\n<script type=\"application\/ld+json\" class=\"yoast-schema-graph\">{\"@context\":\"https:\/\/schema.org\",\"@graph\":[{\"@type\":\"WebPage\",\"@id\":\"https:\/\/mteresasampaio.pt\/fr\/ou-faire-analyse-urine-sang-contacts\/\",\"url\":\"https:\/\/mteresasampaio.pt\/fr\/ou-faire-analyse-urine-sang-contacts\/\",\"name\":\"Analyse Urine et Sanguine | Analyse Clinique Teresa Sampaio\",\"isPartOf\":{\"@id\":\"https:\/\/mteresasampaio.pt\/fr\/#website\"},\"datePublished\":\"2022-08-24T13:55:07+00:00\",\"dateModified\":\"2023-02-28T14:07:59+00:00\",\"description\":\"Vous ne savez pas ou faire des analyses cliniques d\u2019urine et de sang? Contactez-nous et prenez rendez-vous au laboratoire Teresa Sampaio.\",\"breadcrumb\":{\"@id\":\"https:\/\/mteresasampaio.pt\/fr\/ou-faire-analyse-urine-sang-contacts\/#breadcrumb\"},\"inLanguage\":\"fr-FR\",\"potentialAction\":[{\"@type\":\"ReadAction\",\"target\":[\"https:\/\/mteresasampaio.pt\/fr\/ou-faire-analyse-urine-sang-contacts\/\"]}]},{\"@type\":\"BreadcrumbList\",\"@id\":\"https:\/\/mteresasampaio.pt\/fr\/ou-faire-analyse-urine-sang-contacts\/#breadcrumb\",\"itemListElement\":[{\"@type\":\"ListItem\",\"position\":1,\"name\":\"Home\",\"item\":\"https:\/\/mteresasampaio.pt\/fr\/\"},{\"@type\":\"ListItem\",\"position\":2,\"name\":\"Contacts\"}]},{\"@type\":\"WebSite\",\"@id\":\"https:\/\/mteresasampaio.pt\/fr\/#website\",\"url\":\"https:\/\/mteresasampaio.pt\/fr\/\",\"name\":\"Laborat\u00f3rio de An\u00e1lises Cl\u00ednicas Teresa Sampaio em S\u00e3o Miguel, A\u00e7ores\",\"description\":\"\",\"publisher\":{\"@id\":\"https:\/\/mteresasampaio.pt\/fr\/#organization\"},\"potentialAction\":[{\"@type\":\"SearchAction\",\"target\":{\"@type\":\"EntryPoint\",\"urlTemplate\":\"https:\/\/mteresasampaio.pt\/fr\/?s={search_term_string}\"},\"query-input\":\"required name=search_term_string\"}],\"inLanguage\":\"fr-FR\"},{\"@type\":\"Organization\",\"@id\":\"https:\/\/mteresasampaio.pt\/fr\/#organization\",\"name\":\"Laborat\u00f3rio de An\u00e1lises Cl\u00ednicas Teresa Sampaio em S\u00e3o Miguel, A\u00e7ores\",\"url\":\"https:\/\/mteresasampaio.pt\/fr\/\",\"sameAs\":[\"https:\/\/www.facebook.com\/lacteresasampaio\"],\"logo\":{\"@type\":\"ImageObject\",\"inLanguage\":\"fr-FR\",\"@id\":\"https:\/\/mteresasampaio.pt\/fr\/#\/schema\/logo\/image\/\",\"url\":\"https:\/\/mteresasampaio.pt\/wp-content\/uploads\/2022\/08\/logo.png\",\"contentUrl\":\"https:\/\/mteresasampaio.pt\/wp-content\/uploads\/2022\/08\/logo.png\",\"width\":999,\"height\":224,\"caption\":\"Laborat\u00f3rio de An\u00e1lises Cl\u00ednicas Teresa Sampaio em S\u00e3o Miguel, A\u00e7ores\"},\"image\":{\"@id\":\"https:\/\/mteresasampaio.pt\/fr\/#\/schema\/logo\/image\/\"}}]}<\/script>\n<!-- \/ Yoast SEO plugin. -->","yoast_head_json":{"title":"Analyse Urine et Sanguine | Analyse Clinique Teresa Sampaio","description":"Vous ne savez pas ou faire des analyses cliniques d\u2019urine et de sang? Contactez-nous et prenez rendez-vous au laboratoire Teresa Sampaio.","robots":{"index":"index","follow":"follow","max-snippet":"max-snippet:-1","max-image-preview":"max-image-preview:large","max-video-preview":"max-video-preview:-1"},"canonical":"https:\/\/mteresasampaio.pt\/fr\/ou-faire-analyse-urine-sang-contacts\/","og_locale":"fr_FR","og_type":"article","og_title":"Analyse Urine et Sanguine | Analyse Clinique Teresa Sampaio","og_description":"Vous ne savez pas ou faire des analyses cliniques d\u2019urine et de sang? Contactez-nous et prenez rendez-vous au laboratoire Teresa Sampaio.","og_url":"https:\/\/mteresasampaio.pt\/fr\/ou-faire-analyse-urine-sang-contacts\/","og_site_name":"Laborat\u00f3rio de An\u00e1lises Cl\u00ednicas Teresa Sampaio em S\u00e3o Miguel, A\u00e7ores","article_publisher":"https:\/\/www.facebook.com\/lacteresasampaio","article_modified_time":"2023-02-28T14:07:59+00:00","twitter_card":"summary_large_image","schema":{"@context":"https:\/\/schema.org","@graph":[{"@type":"WebPage","@id":"https:\/\/mteresasampaio.pt\/fr\/ou-faire-analyse-urine-sang-contacts\/","url":"https:\/\/mteresasampaio.pt\/fr\/ou-faire-analyse-urine-sang-contacts\/","name":"Analyse Urine et Sanguine | Analyse Clinique Teresa Sampaio","isPartOf":{"@id":"https:\/\/mteresasampaio.pt\/fr\/#website"},"datePublished":"2022-08-24T13:55:07+00:00","dateModified":"2023-02-28T14:07:59+00:00","description":"Vous ne savez pas ou faire des analyses cliniques d\u2019urine et de sang? Contactez-nous et prenez rendez-vous au laboratoire Teresa Sampaio.","breadcrumb":{"@id":"https:\/\/mteresasampaio.pt\/fr\/ou-faire-analyse-urine-sang-contacts\/#breadcrumb"},"inLanguage":"fr-FR","potentialAction":[{"@type":"ReadAction","target":["https:\/\/mteresasampaio.pt\/fr\/ou-faire-analyse-urine-sang-contacts\/"]}]},{"@type":"BreadcrumbList","@id":"https:\/\/mteresasampaio.pt\/fr\/ou-faire-analyse-urine-sang-contacts\/#breadcrumb","itemListElement":[{"@type":"ListItem","position":1,"name":"Home","item":"https:\/\/mteresasampaio.pt\/fr\/"},{"@type":"ListItem","position":2,"name":"Contacts"}]},{"@type":"WebSite","@id":"https:\/\/mteresasampaio.pt\/fr\/#website","url":"https:\/\/mteresasampaio.pt\/fr\/","name":"Laborat\u00f3rio de An\u00e1lises Cl\u00ednicas Teresa Sampaio em S\u00e3o Miguel, A\u00e7ores","description":"","publisher":{"@id":"https:\/\/mteresasampaio.pt\/fr\/#organization"},"potentialAction":[{"@type":"SearchAction","target":{"@type":"EntryPoint","urlTemplate":"https:\/\/mteresasampaio.pt\/fr\/?s={search_term_string}"},"query-input":"required name=search_term_string"}],"inLanguage":"fr-FR"},{"@type":"Organization","@id":"https:\/\/mteresasampaio.pt\/fr\/#organization","name":"Laborat\u00f3rio de An\u00e1lises Cl\u00ednicas Teresa Sampaio em S\u00e3o Miguel, A\u00e7ores","url":"https:\/\/mteresasampaio.pt\/fr\/","sameAs":["https:\/\/www.facebook.com\/lacteresasampaio"],"logo":{"@type":"ImageObject","inLanguage":"fr-FR","@id":"https:\/\/mteresasampaio.pt\/fr\/#\/schema\/logo\/image\/","url":"https:\/\/mteresasampaio.pt\/wp-content\/uploads\/2022\/08\/logo.png","contentUrl":"https:\/\/mteresasampaio.pt\/wp-content\/uploads\/2022\/08\/logo.png","width":999,"height":224,"caption":"Laborat\u00f3rio de An\u00e1lises Cl\u00ednicas Teresa Sampaio em S\u00e3o Miguel, A\u00e7ores"},"image":{"@id":"https:\/\/mteresasampaio.pt\/fr\/#\/schema\/logo\/image\/"}}]}},"_links":{"self":[{"href":"https:\/\/mteresasampaio.pt\/fr\/wp-json\/wp\/v2\/pages\/305"}],"collection":[{"href":"https:\/\/mteresasampaio.pt\/fr\/wp-json\/wp\/v2\/pages"}],"about":[{"href":"https:\/\/mteresasampaio.pt\/fr\/wp-json\/wp\/v2\/types\/page"}],"author":[{"embeddable":true,"href":"https:\/\/mteresasampaio.pt\/fr\/wp-json\/wp\/v2\/users\/1"}],"replies":[{"embeddable":true,"href":"https:\/\/mteresasampaio.pt\/fr\/wp-json\/wp\/v2\/comments?post=305"}],"version-history":[{"count":3,"href":"https:\/\/mteresasampaio.pt\/fr\/wp-json\/wp\/v2\/pages\/305\/revisions"}],"predecessor-version":[{"id":948,"href":"https:\/\/mteresasampaio.pt\/fr\/wp-json\/wp\/v2\/pages\/305\/revisions\/948"}],"wp:attachment":[{"href":"https:\/\/mteresasampaio.pt\/fr\/wp-json\/wp\/v2\/media?parent=305"}],"curies":[{"name":"wp","href":"https:\/\/api.w.org\/{rel}","templated":true}]}}