{"id":552,"date":"2022-08-24T12:54:30","date_gmt":"2022-08-24T13:54:30","guid":{"rendered":"https:\/\/mteresasampaio.pt\/sobre-nos\/"},"modified":"2024-07-15T11:06:28","modified_gmt":"2024-07-15T12:06:28","slug":"a-propos-de-nous-analyses-medicales","status":"publish","type":"page","link":"https:\/\/mteresasampaio.pt\/fr\/a-propos-de-nous-analyses-medicales\/","title":{"rendered":"\u00c0 propos de nous"},"content":{"rendered":"","protected":false},"excerpt":{"rendered":"","protected":false},"author":1,"featured_media":0,"parent":0,"menu_order":0,"comment_status":"closed","ping_status":"closed","template":"template-page-sobre-nos.php","meta":[],"acf":[],"yoast_head":"<!-- This site is optimized with the Yoast SEO plugin v19.6.1 - https:\/\/yoast.com\/wordpress\/plugins\/seo\/ -->\n<title>Analyses M\u00e9dicales Pr\u00e8s de Chez Vous! - Clinique Teresa Sampaio<\/title>\n<meta name=\"description\" content=\"Si vous cherchez un laboratoire o\u00f9 effectuer des analyses m\u00e9dicales, la clinique Teresa Sampaio se trouve d\u00e9j\u00e0 sur 5 \u00eeles des A\u00e7ores.\" \/>\n<meta name=\"robots\" content=\"index, follow, max-snippet:-1, max-image-preview:large, max-video-preview:-1\" \/>\n<link rel=\"canonical\" href=\"https:\/\/mteresasampaio.pt\/fr\/a-propos-de-nous-analyses-medicales\/\" \/>\n<meta property=\"og:locale\" content=\"fr_FR\" \/>\n<meta property=\"og:type\" content=\"article\" \/>\n<meta property=\"og:title\" content=\"Analyses M\u00e9dicales Pr\u00e8s de Chez Vous! - Clinique Teresa Sampaio\" \/>\n<meta property=\"og:description\" content=\"Si vous cherchez un laboratoire o\u00f9 effectuer des analyses m\u00e9dicales, la clinique Teresa Sampaio se trouve d\u00e9j\u00e0 sur 5 \u00eeles des A\u00e7ores.\" \/>\n<meta property=\"og:url\" content=\"https:\/\/mteresasampaio.pt\/fr\/a-propos-de-nous-analyses-medicales\/\" \/>\n<meta property=\"og:site_name\" content=\"Laborat\u00f3rio de An\u00e1lises Cl\u00ednicas Teresa Sampaio em S\u00e3o Miguel, A\u00e7ores\" \/>\n<meta property=\"article:publisher\" content=\"https:\/\/www.facebook.com\/lacteresasampaio\" \/>\n<meta property=\"article:modified_time\" content=\"2024-07-15T12:06:28+00:00\" \/>\n<meta name=\"twitter:card\" content=\"summary_large_image\" \/>\n<script type=\"application\/ld+json\" class=\"yoast-schema-graph\">{\"@context\":\"https:\/\/schema.org\",\"@graph\":[{\"@type\":\"WebPage\",\"@id\":\"https:\/\/mteresasampaio.pt\/fr\/a-propos-de-nous-analyses-medicales\/\",\"url\":\"https:\/\/mteresasampaio.pt\/fr\/a-propos-de-nous-analyses-medicales\/\",\"name\":\"Analyses M\u00e9dicales Pr\u00e8s de Chez Vous! - Clinique Teresa Sampaio\",\"isPartOf\":{\"@id\":\"https:\/\/mteresasampaio.pt\/fr\/#website\"},\"datePublished\":\"2022-08-24T13:54:30+00:00\",\"dateModified\":\"2024-07-15T12:06:28+00:00\",\"description\":\"Si vous cherchez un laboratoire o\u00f9 effectuer des analyses m\u00e9dicales, la clinique Teresa Sampaio se trouve d\u00e9j\u00e0 sur 5 \u00eeles des A\u00e7ores.\",\"breadcrumb\":{\"@id\":\"https:\/\/mteresasampaio.pt\/fr\/a-propos-de-nous-analyses-medicales\/#breadcrumb\"},\"inLanguage\":\"fr-FR\",\"potentialAction\":[{\"@type\":\"ReadAction\",\"target\":[\"https:\/\/mteresasampaio.pt\/fr\/a-propos-de-nous-analyses-medicales\/\"]}]},{\"@type\":\"BreadcrumbList\",\"@id\":\"https:\/\/mteresasampaio.pt\/fr\/a-propos-de-nous-analyses-medicales\/#breadcrumb\",\"itemListElement\":[{\"@type\":\"ListItem\",\"position\":1,\"name\":\"Home\",\"item\":\"https:\/\/mteresasampaio.pt\/fr\/\"},{\"@type\":\"ListItem\",\"position\":2,\"name\":\"\u00c0 propos de nous\"}]},{\"@type\":\"WebSite\",\"@id\":\"https:\/\/mteresasampaio.pt\/fr\/#website\",\"url\":\"https:\/\/mteresasampaio.pt\/fr\/\",\"name\":\"Laborat\u00f3rio de An\u00e1lises Cl\u00ednicas Teresa Sampaio em S\u00e3o Miguel, A\u00e7ores\",\"description\":\"\",\"publisher\":{\"@id\":\"https:\/\/mteresasampaio.pt\/fr\/#organization\"},\"potentialAction\":[{\"@type\":\"SearchAction\",\"target\":{\"@type\":\"EntryPoint\",\"urlTemplate\":\"https:\/\/mteresasampaio.pt\/fr\/?s={search_term_string}\"},\"query-input\":\"required name=search_term_string\"}],\"inLanguage\":\"fr-FR\"},{\"@type\":\"Organization\",\"@id\":\"https:\/\/mteresasampaio.pt\/fr\/#organization\",\"name\":\"Laborat\u00f3rio de An\u00e1lises Cl\u00ednicas Teresa Sampaio em S\u00e3o Miguel, A\u00e7ores\",\"url\":\"https:\/\/mteresasampaio.pt\/fr\/\",\"sameAs\":[\"https:\/\/www.facebook.com\/lacteresasampaio\"],\"logo\":{\"@type\":\"ImageObject\",\"inLanguage\":\"fr-FR\",\"@id\":\"https:\/\/mteresasampaio.pt\/fr\/#\/schema\/logo\/image\/\",\"url\":\"https:\/\/mteresasampaio.pt\/wp-content\/uploads\/2022\/08\/logo.png\",\"contentUrl\":\"https:\/\/mteresasampaio.pt\/wp-content\/uploads\/2022\/08\/logo.png\",\"width\":999,\"height\":224,\"caption\":\"Laborat\u00f3rio de An\u00e1lises Cl\u00ednicas Teresa Sampaio em S\u00e3o Miguel, A\u00e7ores\"},\"image\":{\"@id\":\"https:\/\/mteresasampaio.pt\/fr\/#\/schema\/logo\/image\/\"}}]}<\/script>\n<!-- \/ Yoast SEO plugin. -->","yoast_head_json":{"title":"Analyses M\u00e9dicales Pr\u00e8s de Chez Vous! - Clinique Teresa Sampaio","description":"Si vous cherchez un laboratoire o\u00f9 effectuer des analyses m\u00e9dicales, la clinique Teresa Sampaio se trouve d\u00e9j\u00e0 sur 5 \u00eeles des A\u00e7ores.","robots":{"index":"index","follow":"follow","max-snippet":"max-snippet:-1","max-image-preview":"max-image-preview:large","max-video-preview":"max-video-preview:-1"},"canonical":"https:\/\/mteresasampaio.pt\/fr\/a-propos-de-nous-analyses-medicales\/","og_locale":"fr_FR","og_type":"article","og_title":"Analyses M\u00e9dicales Pr\u00e8s de Chez Vous! - Clinique Teresa Sampaio","og_description":"Si vous cherchez un laboratoire o\u00f9 effectuer des analyses m\u00e9dicales, la clinique Teresa Sampaio se trouve d\u00e9j\u00e0 sur 5 \u00eeles des A\u00e7ores.","og_url":"https:\/\/mteresasampaio.pt\/fr\/a-propos-de-nous-analyses-medicales\/","og_site_name":"Laborat\u00f3rio de An\u00e1lises Cl\u00ednicas Teresa Sampaio em S\u00e3o Miguel, A\u00e7ores","article_publisher":"https:\/\/www.facebook.com\/lacteresasampaio","article_modified_time":"2024-07-15T12:06:28+00:00","twitter_card":"summary_large_image","schema":{"@context":"https:\/\/schema.org","@graph":[{"@type":"WebPage","@id":"https:\/\/mteresasampaio.pt\/fr\/a-propos-de-nous-analyses-medicales\/","url":"https:\/\/mteresasampaio.pt\/fr\/a-propos-de-nous-analyses-medicales\/","name":"Analyses M\u00e9dicales Pr\u00e8s de Chez Vous! - Clinique Teresa Sampaio","isPartOf":{"@id":"https:\/\/mteresasampaio.pt\/fr\/#website"},"datePublished":"2022-08-24T13:54:30+00:00","dateModified":"2024-07-15T12:06:28+00:00","description":"Si vous cherchez un laboratoire o\u00f9 effectuer des analyses m\u00e9dicales, la clinique Teresa Sampaio se trouve d\u00e9j\u00e0 sur 5 \u00eeles des A\u00e7ores.","breadcrumb":{"@id":"https:\/\/mteresasampaio.pt\/fr\/a-propos-de-nous-analyses-medicales\/#breadcrumb"},"inLanguage":"fr-FR","potentialAction":[{"@type":"ReadAction","target":["https:\/\/mteresasampaio.pt\/fr\/a-propos-de-nous-analyses-medicales\/"]}]},{"@type":"BreadcrumbList","@id":"https:\/\/mteresasampaio.pt\/fr\/a-propos-de-nous-analyses-medicales\/#breadcrumb","itemListElement":[{"@type":"ListItem","position":1,"name":"Home","item":"https:\/\/mteresasampaio.pt\/fr\/"},{"@type":"ListItem","position":2,"name":"\u00c0 propos de nous"}]},{"@type":"WebSite","@id":"https:\/\/mteresasampaio.pt\/fr\/#website","url":"https:\/\/mteresasampaio.pt\/fr\/","name":"Laborat\u00f3rio de An\u00e1lises Cl\u00ednicas Teresa Sampaio em S\u00e3o Miguel, A\u00e7ores","description":"","publisher":{"@id":"https:\/\/mteresasampaio.pt\/fr\/#organization"},"potentialAction":[{"@type":"SearchAction","target":{"@type":"EntryPoint","urlTemplate":"https:\/\/mteresasampaio.pt\/fr\/?s={search_term_string}"},"query-input":"required name=search_term_string"}],"inLanguage":"fr-FR"},{"@type":"Organization","@id":"https:\/\/mteresasampaio.pt\/fr\/#organization","name":"Laborat\u00f3rio de An\u00e1lises Cl\u00ednicas Teresa Sampaio em S\u00e3o Miguel, A\u00e7ores","url":"https:\/\/mteresasampaio.pt\/fr\/","sameAs":["https:\/\/www.facebook.com\/lacteresasampaio"],"logo":{"@type":"ImageObject","inLanguage":"fr-FR","@id":"https:\/\/mteresasampaio.pt\/fr\/#\/schema\/logo\/image\/","url":"https:\/\/mteresasampaio.pt\/wp-content\/uploads\/2022\/08\/logo.png","contentUrl":"https:\/\/mteresasampaio.pt\/wp-content\/uploads\/2022\/08\/logo.png","width":999,"height":224,"caption":"Laborat\u00f3rio de An\u00e1lises Cl\u00ednicas Teresa Sampaio em S\u00e3o Miguel, A\u00e7ores"},"image":{"@id":"https:\/\/mteresasampaio.pt\/fr\/#\/schema\/logo\/image\/"}}]}},"_links":{"self":[{"href":"https:\/\/mteresasampaio.pt\/fr\/wp-json\/wp\/v2\/pages\/552"}],"collection":[{"href":"https:\/\/mteresasampaio.pt\/fr\/wp-json\/wp\/v2\/pages"}],"about":[{"href":"https:\/\/mteresasampaio.pt\/fr\/wp-json\/wp\/v2\/types\/page"}],"author":[{"embeddable":true,"href":"https:\/\/mteresasampaio.pt\/fr\/wp-json\/wp\/v2\/users\/1"}],"replies":[{"embeddable":true,"href":"https:\/\/mteresasampaio.pt\/fr\/wp-json\/wp\/v2\/comments?post=552"}],"version-history":[{"count":6,"href":"https:\/\/mteresasampaio.pt\/fr\/wp-json\/wp\/v2\/pages\/552\/revisions"}],"predecessor-version":[{"id":2747,"href":"https:\/\/mteresasampaio.pt\/fr\/wp-json\/wp\/v2\/pages\/552\/revisions\/2747"}],"wp:attachment":[{"href":"https:\/\/mteresasampaio.pt\/fr\/wp-json\/wp\/v2\/media?parent=552"}],"curies":[{"name":"wp","href":"https:\/\/api.w.org\/{rel}","templated":true}]}}