{"id":564,"date":"2022-08-24T12:54:53","date_gmt":"2022-08-24T13:54:53","guid":{"rendered":"https:\/\/mteresasampaio.pt\/acordos\/"},"modified":"2023-03-01T09:10:31","modified_gmt":"2023-03-01T10:10:31","slug":"analyses-cliniques-les-accords","status":"publish","type":"page","link":"https:\/\/mteresasampaio.pt\/fr\/analyses-cliniques-les-accords\/","title":{"rendered":"Les accords"},"content":{"rendered":"","protected":false},"excerpt":{"rendered":"","protected":false},"author":1,"featured_media":0,"parent":0,"menu_order":0,"comment_status":"closed","ping_status":"closed","template":"template-page-acordos.php","meta":[],"acf":[],"yoast_head":"<!-- This site is optimized with the Yoast SEO plugin v19.6.1 - https:\/\/yoast.com\/wordpress\/plugins\/seo\/ -->\n<title>Analyses Cliniques Teresa Sampaio | Surveillez votre Sant\u00e9!<\/title>\n<meta name=\"description\" content=\"Teresa Sampaio Analyses cliniques aux A\u00e7ores a plusieurs accords avec les assureurs, en mesure de b\u00e9n\u00e9ficier de votre sant\u00e9. En savoir plus!\" \/>\n<meta name=\"robots\" content=\"index, follow, max-snippet:-1, max-image-preview:large, max-video-preview:-1\" \/>\n<link rel=\"canonical\" href=\"https:\/\/mteresasampaio.pt\/fr\/analyses-cliniques-les-accords\/\" \/>\n<meta property=\"og:locale\" content=\"fr_FR\" \/>\n<meta property=\"og:type\" content=\"article\" \/>\n<meta property=\"og:title\" content=\"Analyses Cliniques Teresa Sampaio | Surveillez votre Sant\u00e9!\" \/>\n<meta property=\"og:description\" content=\"Teresa Sampaio Analyses cliniques aux A\u00e7ores a plusieurs accords avec les assureurs, en mesure de b\u00e9n\u00e9ficier de votre sant\u00e9. En savoir plus!\" \/>\n<meta property=\"og:url\" content=\"https:\/\/mteresasampaio.pt\/fr\/analyses-cliniques-les-accords\/\" \/>\n<meta property=\"og:site_name\" content=\"Laborat\u00f3rio de An\u00e1lises Cl\u00ednicas Teresa Sampaio em S\u00e3o Miguel, A\u00e7ores\" \/>\n<meta property=\"article:publisher\" content=\"https:\/\/www.facebook.com\/lacteresasampaio\" \/>\n<meta property=\"article:modified_time\" content=\"2023-03-01T10:10:31+00:00\" \/>\n<meta name=\"twitter:card\" content=\"summary_large_image\" \/>\n<script type=\"application\/ld+json\" class=\"yoast-schema-graph\">{\"@context\":\"https:\/\/schema.org\",\"@graph\":[{\"@type\":\"WebPage\",\"@id\":\"https:\/\/mteresasampaio.pt\/fr\/analyses-cliniques-les-accords\/\",\"url\":\"https:\/\/mteresasampaio.pt\/fr\/analyses-cliniques-les-accords\/\",\"name\":\"Analyses Cliniques Teresa Sampaio | Surveillez votre Sant\u00e9!\",\"isPartOf\":{\"@id\":\"https:\/\/mteresasampaio.pt\/fr\/#website\"},\"datePublished\":\"2022-08-24T13:54:53+00:00\",\"dateModified\":\"2023-03-01T10:10:31+00:00\",\"description\":\"Teresa Sampaio Analyses cliniques aux A\u00e7ores a plusieurs accords avec les assureurs, en mesure de b\u00e9n\u00e9ficier de votre sant\u00e9. En savoir plus!\",\"breadcrumb\":{\"@id\":\"https:\/\/mteresasampaio.pt\/fr\/analyses-cliniques-les-accords\/#breadcrumb\"},\"inLanguage\":\"fr-FR\",\"potentialAction\":[{\"@type\":\"ReadAction\",\"target\":[\"https:\/\/mteresasampaio.pt\/fr\/analyses-cliniques-les-accords\/\"]}]},{\"@type\":\"BreadcrumbList\",\"@id\":\"https:\/\/mteresasampaio.pt\/fr\/analyses-cliniques-les-accords\/#breadcrumb\",\"itemListElement\":[{\"@type\":\"ListItem\",\"position\":1,\"name\":\"Home\",\"item\":\"https:\/\/mteresasampaio.pt\/fr\/\"},{\"@type\":\"ListItem\",\"position\":2,\"name\":\"Les accords\"}]},{\"@type\":\"WebSite\",\"@id\":\"https:\/\/mteresasampaio.pt\/fr\/#website\",\"url\":\"https:\/\/mteresasampaio.pt\/fr\/\",\"name\":\"Laborat\u00f3rio de An\u00e1lises Cl\u00ednicas Teresa Sampaio em S\u00e3o Miguel, A\u00e7ores\",\"description\":\"\",\"publisher\":{\"@id\":\"https:\/\/mteresasampaio.pt\/fr\/#organization\"},\"potentialAction\":[{\"@type\":\"SearchAction\",\"target\":{\"@type\":\"EntryPoint\",\"urlTemplate\":\"https:\/\/mteresasampaio.pt\/fr\/?s={search_term_string}\"},\"query-input\":\"required name=search_term_string\"}],\"inLanguage\":\"fr-FR\"},{\"@type\":\"Organization\",\"@id\":\"https:\/\/mteresasampaio.pt\/fr\/#organization\",\"name\":\"Laborat\u00f3rio de An\u00e1lises Cl\u00ednicas Teresa Sampaio em S\u00e3o Miguel, A\u00e7ores\",\"url\":\"https:\/\/mteresasampaio.pt\/fr\/\",\"sameAs\":[\"https:\/\/www.facebook.com\/lacteresasampaio\"],\"logo\":{\"@type\":\"ImageObject\",\"inLanguage\":\"fr-FR\",\"@id\":\"https:\/\/mteresasampaio.pt\/fr\/#\/schema\/logo\/image\/\",\"url\":\"https:\/\/mteresasampaio.pt\/wp-content\/uploads\/2022\/08\/logo.png\",\"contentUrl\":\"https:\/\/mteresasampaio.pt\/wp-content\/uploads\/2022\/08\/logo.png\",\"width\":999,\"height\":224,\"caption\":\"Laborat\u00f3rio de An\u00e1lises Cl\u00ednicas Teresa Sampaio em S\u00e3o Miguel, A\u00e7ores\"},\"image\":{\"@id\":\"https:\/\/mteresasampaio.pt\/fr\/#\/schema\/logo\/image\/\"}}]}<\/script>\n<!-- \/ Yoast SEO plugin. -->","yoast_head_json":{"title":"Analyses Cliniques Teresa Sampaio | Surveillez votre Sant\u00e9!","description":"Teresa Sampaio Analyses cliniques aux A\u00e7ores a plusieurs accords avec les assureurs, en mesure de b\u00e9n\u00e9ficier de votre sant\u00e9. En savoir plus!","robots":{"index":"index","follow":"follow","max-snippet":"max-snippet:-1","max-image-preview":"max-image-preview:large","max-video-preview":"max-video-preview:-1"},"canonical":"https:\/\/mteresasampaio.pt\/fr\/analyses-cliniques-les-accords\/","og_locale":"fr_FR","og_type":"article","og_title":"Analyses Cliniques Teresa Sampaio | Surveillez votre Sant\u00e9!","og_description":"Teresa Sampaio Analyses cliniques aux A\u00e7ores a plusieurs accords avec les assureurs, en mesure de b\u00e9n\u00e9ficier de votre sant\u00e9. En savoir plus!","og_url":"https:\/\/mteresasampaio.pt\/fr\/analyses-cliniques-les-accords\/","og_site_name":"Laborat\u00f3rio de An\u00e1lises Cl\u00ednicas Teresa Sampaio em S\u00e3o Miguel, A\u00e7ores","article_publisher":"https:\/\/www.facebook.com\/lacteresasampaio","article_modified_time":"2023-03-01T10:10:31+00:00","twitter_card":"summary_large_image","schema":{"@context":"https:\/\/schema.org","@graph":[{"@type":"WebPage","@id":"https:\/\/mteresasampaio.pt\/fr\/analyses-cliniques-les-accords\/","url":"https:\/\/mteresasampaio.pt\/fr\/analyses-cliniques-les-accords\/","name":"Analyses Cliniques Teresa Sampaio | Surveillez votre Sant\u00e9!","isPartOf":{"@id":"https:\/\/mteresasampaio.pt\/fr\/#website"},"datePublished":"2022-08-24T13:54:53+00:00","dateModified":"2023-03-01T10:10:31+00:00","description":"Teresa Sampaio Analyses cliniques aux A\u00e7ores a plusieurs accords avec les assureurs, en mesure de b\u00e9n\u00e9ficier de votre sant\u00e9. En savoir plus!","breadcrumb":{"@id":"https:\/\/mteresasampaio.pt\/fr\/analyses-cliniques-les-accords\/#breadcrumb"},"inLanguage":"fr-FR","potentialAction":[{"@type":"ReadAction","target":["https:\/\/mteresasampaio.pt\/fr\/analyses-cliniques-les-accords\/"]}]},{"@type":"BreadcrumbList","@id":"https:\/\/mteresasampaio.pt\/fr\/analyses-cliniques-les-accords\/#breadcrumb","itemListElement":[{"@type":"ListItem","position":1,"name":"Home","item":"https:\/\/mteresasampaio.pt\/fr\/"},{"@type":"ListItem","position":2,"name":"Les accords"}]},{"@type":"WebSite","@id":"https:\/\/mteresasampaio.pt\/fr\/#website","url":"https:\/\/mteresasampaio.pt\/fr\/","name":"Laborat\u00f3rio de An\u00e1lises Cl\u00ednicas Teresa Sampaio em S\u00e3o Miguel, A\u00e7ores","description":"","publisher":{"@id":"https:\/\/mteresasampaio.pt\/fr\/#organization"},"potentialAction":[{"@type":"SearchAction","target":{"@type":"EntryPoint","urlTemplate":"https:\/\/mteresasampaio.pt\/fr\/?s={search_term_string}"},"query-input":"required name=search_term_string"}],"inLanguage":"fr-FR"},{"@type":"Organization","@id":"https:\/\/mteresasampaio.pt\/fr\/#organization","name":"Laborat\u00f3rio de An\u00e1lises Cl\u00ednicas Teresa Sampaio em S\u00e3o Miguel, A\u00e7ores","url":"https:\/\/mteresasampaio.pt\/fr\/","sameAs":["https:\/\/www.facebook.com\/lacteresasampaio"],"logo":{"@type":"ImageObject","inLanguage":"fr-FR","@id":"https:\/\/mteresasampaio.pt\/fr\/#\/schema\/logo\/image\/","url":"https:\/\/mteresasampaio.pt\/wp-content\/uploads\/2022\/08\/logo.png","contentUrl":"https:\/\/mteresasampaio.pt\/wp-content\/uploads\/2022\/08\/logo.png","width":999,"height":224,"caption":"Laborat\u00f3rio de An\u00e1lises Cl\u00ednicas Teresa Sampaio em S\u00e3o Miguel, A\u00e7ores"},"image":{"@id":"https:\/\/mteresasampaio.pt\/fr\/#\/schema\/logo\/image\/"}}]}},"_links":{"self":[{"href":"https:\/\/mteresasampaio.pt\/fr\/wp-json\/wp\/v2\/pages\/564"}],"collection":[{"href":"https:\/\/mteresasampaio.pt\/fr\/wp-json\/wp\/v2\/pages"}],"about":[{"href":"https:\/\/mteresasampaio.pt\/fr\/wp-json\/wp\/v2\/types\/page"}],"author":[{"embeddable":true,"href":"https:\/\/mteresasampaio.pt\/fr\/wp-json\/wp\/v2\/users\/1"}],"replies":[{"embeddable":true,"href":"https:\/\/mteresasampaio.pt\/fr\/wp-json\/wp\/v2\/comments?post=564"}],"version-history":[{"count":4,"href":"https:\/\/mteresasampaio.pt\/fr\/wp-json\/wp\/v2\/pages\/564\/revisions"}],"predecessor-version":[{"id":944,"href":"https:\/\/mteresasampaio.pt\/fr\/wp-json\/wp\/v2\/pages\/564\/revisions\/944"}],"wp:attachment":[{"href":"https:\/\/mteresasampaio.pt\/fr\/wp-json\/wp\/v2\/media?parent=564"}],"curies":[{"name":"wp","href":"https:\/\/api.w.org\/{rel}","templated":true}]}}